{"id":37536,"date":"2022-03-15T12:19:33","date_gmt":"2022-03-15T11:19:33","guid":{"rendered":"https:\/\/www.ukrainianrefugees.no\/?page_id=37536"},"modified":"2023-12-23T17:32:22","modified_gmt":"2023-12-23T16:32:22","slug":"hvis-jeg-ikke-har-et-sted-a-bo","status":"publish","type":"page","link":"https:\/\/www.ukrainianrefugees.no\/nb\/hvis-jeg-ikke-har-et-sted-a-bo\/","title":{"rendered":"Hvis jeg ikke har et sted \u00e5 bo"},"content":{"rendered":"<p>[vc_row row_content_width=&raquo;grid&raquo; css=&raquo;.vc_custom_1647369140102{padding-top: 60px !important;padding-bottom: 60px !important;}&raquo;][vc_column width=&raquo;1\/3&#8243;]<div class=\"eltdf-accordion-holder eltdf-ac-default  eltdf-toggle eltdf-ac-boxed  clearfix\">\n\t<h6 class=\"eltdf-accordion-title\">\n    <span class=\"eltdf-accordion-mark\">\n\t\t<span class=\"eltdf_icon_plus icon_plus\"><\/span>\n\t\t<span class=\"eltdf_icon_minus icon_minus-06\"><\/span>\n\t<\/span>\n\t<span class=\"eltdf-tab-title\">Dette m\u00e5 du gj\u00f8re ved ankomst til Norge<\/span>\n<\/h6>\n<div class=\"eltdf-accordion-content\">\n\t<div class=\"eltdf-accordion-content-inner\">\n\t\t[vc_column_text]<\/p>\n<ul>\n<li>Fra og med 1. januar 2024 m\u00e5 du som \u00f8nsker innkvartering i asylmottak registrere s\u00f8knaden din om beskyttelse p\u00e5 <a href=\"https:\/\/www.politiet.no\/om-politiet\/organisasjonen\/sarorganene\/politiets-utlendingsenhet\/nasjonalt-ankomstsenter-rade\/\">Nasjonalt ankomstsenter, som holder til i R\u00e5de kommune<\/a>.<\/li>\n<\/ul>\n<p>[\/vc_column_text]\t<\/div>\n<\/div><h6 class=\"eltdf-accordion-title\">\n    <span class=\"eltdf-accordion-mark\">\n\t\t<span class=\"eltdf_icon_plus icon_plus\"><\/span>\n\t\t<span class=\"eltdf_icon_minus icon_minus-06\"><\/span>\n\t<\/span>\n\t<span class=\"eltdf-tab-title\">Slik foreg\u00e5r registreringen<\/span>\n<\/h6>\n<div class=\"eltdf-accordion-content\">\n\t<div class=\"eltdf-accordion-content-inner\">\n\t\t[vc_column_text]Alle s\u00f8kere som ankommer Ankomstsenteret blir registrert som asyls\u00f8kere av politiet. Politiet registrerer ditt fingeravtrykk og dine personalia. Du m\u00e5 levere passet ditt til politiet, og du f\u00e5r et registreringsbevis som asyls\u00f8ker i Norge. I noen tilfeller vil politiet gj\u00f8re et kort intervju med deg i forbindelse med registering. Trolig er det ikke n\u00f8dvendig for alle \u00e5 ha intervju.[\/vc_column_text]\t<\/div>\n<\/div><h6 class=\"eltdf-accordion-title\">\n    <span class=\"eltdf-accordion-mark\">\n\t\t<span class=\"eltdf_icon_plus icon_plus\"><\/span>\n\t\t<span class=\"eltdf_icon_minus icon_minus-06\"><\/span>\n\t<\/span>\n\t<span class=\"eltdf-tab-title\">Disse dokumentene m\u00e5 du ta med til registrering<\/span>\n<\/h6>\n<div class=\"eltdf-accordion-content\">\n\t<div class=\"eltdf-accordion-content-inner\">\n\t\t[vc_column_text]<\/p>\n<ul>\n<li>Pass (biometrisk eller ikke biometrisk pass)<\/li>\n<li>Eventuelt utl\u00f8pt pass<\/li>\n<li>Nasjonalt ID-kort fra Ukraina<\/li>\n<li>F\u00f8dselsattest<\/li>\n<li>Vigselsattest og liknende for de som trenger \u00e5 dokumentere en familierelasjon<\/li>\n<li>Andre dokumenter som kan vise hvem du er<\/li>\n<\/ul>\n<p><span style=\"font-weight: 400;\">De som ikke har dokumenter m\u00e5 registreres ved Nasjonalt ankomstsenter p\u00e5 R\u00e5de, uansett hvor de befinner seg i landet. Hvis du ikke er ukrainsk borger, men har beskyttelse (asyl) i Ukraina, m\u00e5 du i tillegg til identitetsdokumenter, vise dokumentasjon som bekrefter at du har status som flyktning der som reisebevis for flyktninger<\/span>[\/vc_column_text]\t<\/div>\n<\/div><h6 class=\"eltdf-accordion-title\">\n    <span class=\"eltdf-accordion-mark\">\n\t\t<span class=\"eltdf_icon_plus icon_plus\"><\/span>\n\t\t<span class=\"eltdf_icon_minus icon_minus-06\"><\/span>\n\t<\/span>\n\t<span class=\"eltdf-tab-title\">Disse obligatoriske stegene m\u00e5 du igjennom<\/span>\n<\/h6>\n<div class=\"eltdf-accordion-content\">\n\t<div class=\"eltdf-accordion-content-inner\">\n\t\t[vc_column_text]<\/p>\n<ul>\n<li>Registrering av fingeravtrykk og personalia<\/li>\n<li>Innlevering av ID-dokumenter<\/li>\n<li>Unders\u00f8kelse av bagasje, mobiltelefon mm.<\/li>\n<li>Intervju hos politiet, dersom det anses n\u00f8dvendig<\/li>\n<li>Helseunders\u00f8kelse<\/li>\n<\/ul>\n<p style=\"font-weight: 400;\">P\u00e5 Nasjonalt Ankomstsenter gjennomf\u00f8res helseunders\u00f8kelsen som regel p\u00e5 stedet. Mens ved registrering andre steder i Norge vil den som oftest skje p\u00e5 et annet tidspunkt i egne lokaler. De som bor privat, f\u00e5r informasjon om unders\u00f8kelsen av den kommunale helsetjenesten.<\/p>\n<p>[\/vc_column_text]\t<\/div>\n<\/div><h6 class=\"eltdf-accordion-title\">\n    <span class=\"eltdf-accordion-mark\">\n\t\t<span class=\"eltdf_icon_plus icon_plus\"><\/span>\n\t\t<span class=\"eltdf_icon_minus icon_minus-06\"><\/span>\n\t<\/span>\n\t<span class=\"eltdf-tab-title\">Hvor lang tid tar det \u00e5 bli registrert?<\/span>\n<\/h6>\n<div class=\"eltdf-accordion-content\">\n\t<div class=\"eltdf-accordion-content-inner\">\n\t\t[vc_column_text]Oppholdstiden i Ankomstsenteret varierer, men du m\u00e5 regne med at det kan ta noen dager \u00e5 bli ferdig med registering og helseunders\u00f8kelse i senteret. De fleste blir flyttet videre til et annet senter eller et midlertidig overnattingssted raskt etter det.[\/vc_column_text]\t<\/div>\n<\/div><\/div>[vc_empty_space height=&raquo;10px&raquo;][\/vc_column][vc_column width=&raquo;1\/3&#8243;]<div class=\"eltdf-accordion-holder eltdf-ac-default  eltdf-toggle eltdf-ac-boxed  clearfix\">\n\t<h6 class=\"eltdf-accordion-title\">\n    <span class=\"eltdf-accordion-mark\">\n\t\t<span class=\"eltdf_icon_plus icon_plus\"><\/span>\n\t\t<span class=\"eltdf_icon_minus icon_minus-06\"><\/span>\n\t<\/span>\n\t<span class=\"eltdf-tab-title\">Hva skjer etter at jeg er registrert?<\/span>\n<\/h6>\n<div class=\"eltdf-accordion-content\">\n\t<div class=\"eltdf-accordion-content-inner\">\n\t\t[vc_column_text]Du som ikke har familie eller andre kontakter du kan flytte til i Norge, f\u00e5r tilbud om plass p\u00e5 et mottakssenter. Hvis du flytter selv til en privat adresse, er det viktig \u00e5 melde fra til myndighetene om adressen du flytter til. Du kan ogs\u00e5 melde fra til <a href=\"https:\/\/www.ukrainianrefugees.no\/flyktningtjenesten\">Flyktningtjenesten<\/a> i kommunen om hvor du skal bo.[\/vc_column_text]\t<\/div>\n<\/div><h6 class=\"eltdf-accordion-title\">\n    <span class=\"eltdf-accordion-mark\">\n\t\t<span class=\"eltdf_icon_plus icon_plus\"><\/span>\n\t\t<span class=\"eltdf_icon_minus icon_minus-06\"><\/span>\n\t<\/span>\n\t<span class=\"eltdf-tab-title\">N\u00e5r f\u00e5r jeg tilbake passene\/ID-dokumentene mine?<\/span>\n<\/h6>\n<div class=\"eltdf-accordion-content\">\n\t<div class=\"eltdf-accordion-content-inner\">\n\t\t[vc_column_text]<\/p>\n<div class=\"\" dir=\"auto\">\n<div id=\"jsc_c_f\" class=\"ecm0bbzt hv4rvrfc ihqw7lf3 dati1w0a\" data-ad-comet-preview=\"message\" data-ad-preview=\"message\">\n<div class=\"j83agx80 cbu4d94t ew0dbk1b irj2b8pg\">\n<div class=\"qzhwtbm6 knvmm38d\">\n<div class=\"cxmmr5t8 oygrvhab hcukyx3x c1et5uql o9v6fnle ii04i59q\">\n<ul>\n<li dir=\"auto\">Etter registrering har politiet rett til \u00e5 beholde identitetspapirene inntil s\u00f8knaden er ferdigbehandlet (utstedes i papirutgave, som sendes i posten).<\/li>\n<\/ul>\n<\/div>\n<\/div>\n<\/div>\n<\/div>\n<\/div>\n<div id=\"jsc_c_g\" class=\"l9j0dhe7\">\n<div class=\"l9j0dhe7\">\n<div class=\"bp9cbjyn cwj9ozl2 j83agx80 cbu4d94t ni8dbmo4 stjgntxs l9j0dhe7 k4urcfbm\">\n<div class=\"do00u71z ni8dbmo4 stjgntxs l9j0dhe7\">\n<div class=\"pmk7jnqg kr520xx4\"><\/div>\n<\/div>\n<\/div>\n<\/div>\n<\/div>\n<p>[\/vc_column_text]\t<\/div>\n<\/div><h6 class=\"eltdf-accordion-title\">\n    <span class=\"eltdf-accordion-mark\">\n\t\t<span class=\"eltdf_icon_plus icon_plus\"><\/span>\n\t\t<span class=\"eltdf_icon_minus icon_minus-06\"><\/span>\n\t<\/span>\n\t<span class=\"eltdf-tab-title\">Hvor lang tid tar det f\u00f8r jeg f\u00e5r svar?<\/span>\n<\/h6>\n<div class=\"eltdf-accordion-content\">\n\t<div class=\"eltdf-accordion-content-inner\">\n\t\t[vc_column_text]<\/p>\n<div class=\"\" dir=\"auto\">\n<div id=\"jsc_c_f\" class=\"ecm0bbzt hv4rvrfc ihqw7lf3 dati1w0a\" data-ad-comet-preview=\"message\" data-ad-preview=\"message\">\n<div class=\"j83agx80 cbu4d94t ew0dbk1b irj2b8pg\">\n<div class=\"qzhwtbm6 knvmm38d\">\n<div class=\"cxmmr5t8 oygrvhab hcukyx3x c1et5uql o9v6fnle ii04i59q\">\n<ul>\n<li>Det er vanskelig \u00e5 si n\u00f8yaktig hvor lenge du m\u00e5 vente f\u00f8r du f\u00e5r svar, men de fleste vil trolig f\u00e5 sakene behandlet i l\u00f8pet av f\u00e5 uker.<\/li>\n<li>For at mange skal f\u00e5 raskt svar, blir noen av sakene behandlet automatisk av en robot, mens andre saker blir behandlet av saksbehandlere. Det gj\u00f8r at flere saker kan bli behandlet per dag. I noen tilfeller m\u00e5 UDI gj\u00f8re ekstra unders\u00f8kelser eller ha en samtale med deg. Da vil de ta kontakt med deg.<\/li>\n<li>UDI behandler ikke alltid de eldste sakene f\u00f8rst, s\u00e5 du kan oppleve at noen som har s\u00f8kt etter deg f\u00e5r svar f\u00f8r deg.<\/li>\n<\/ul>\n<\/div>\n<\/div>\n<\/div>\n<\/div>\n<\/div>\n<div id=\"jsc_c_g\" class=\"l9j0dhe7\">\n<div class=\"l9j0dhe7\">\n<div class=\"bp9cbjyn cwj9ozl2 j83agx80 cbu4d94t ni8dbmo4 stjgntxs l9j0dhe7 k4urcfbm\">\n<div class=\"do00u71z ni8dbmo4 stjgntxs l9j0dhe7\">\n<div class=\"pmk7jnqg kr520xx4\"><\/div>\n<\/div>\n<\/div>\n<\/div>\n<\/div>\n<p>[\/vc_column_text]\t<\/div>\n<\/div><h6 class=\"eltdf-accordion-title\">\n    <span class=\"eltdf-accordion-mark\">\n\t\t<span class=\"eltdf_icon_plus icon_plus\"><\/span>\n\t\t<span class=\"eltdf_icon_minus icon_minus-06\"><\/span>\n\t<\/span>\n\t<span class=\"eltdf-tab-title\">Hva slags bistand f\u00e5r jeg p\u00e5 ankomstsenteret?<\/span>\n<\/h6>\n<div class=\"eltdf-accordion-content\">\n\t<div class=\"eltdf-accordion-content-inner\">\n\t\t[vc_column_text]<\/p>\n<ul>\n<li>P\u00e5 Ankomstsenteret f\u00e5r du seng \u00e5 sove i, og tilpasset mat til deg, barn og baby.<\/li>\n<li>Du f\u00e5r tilbud om kl\u00e6r og hygieneartikler, og senget\u00f8y dersom du skal bo i mottak.<\/li>\n<li>Det er kantine i senteret som serverer mat tre ganger om dagen. De har ogs\u00e5 mat tilpasset barn\/baby.<\/li>\n<li>Har du spesielle behov i Ankomstsenteret eller andre mottak, meld ifra til ansatte eller til helsetjenesten.<\/li>\n<\/ul>\n<p>[\/vc_column_text]\t<\/div>\n<\/div><h6 class=\"eltdf-accordion-title\">\n    <span class=\"eltdf-accordion-mark\">\n\t\t<span class=\"eltdf_icon_plus icon_plus\"><\/span>\n\t\t<span class=\"eltdf_icon_minus icon_minus-06\"><\/span>\n\t<\/span>\n\t<span class=\"eltdf-tab-title\">Hvordan er overnattingstilbudet?<\/span>\n<\/h6>\n<div class=\"eltdf-accordion-content\">\n\t<div class=\"eltdf-accordion-content-inner\">\n\t\t[vc_column_text]P\u00e5 Ankomstsenteret sover du i en seng i en teltsal innend\u00f8rs. Det er overnattingstilbudet alle f\u00e5r. Det er noen f\u00e5 rom som kan brukes av s\u00e6rlig s\u00e5rbare personer.[\/vc_column_text]\t<\/div>\n<\/div><\/div>[vc_empty_space height=&raquo;10px&raquo;][\/vc_column][vc_column width=&raquo;1\/3&#8243;]<div class=\"eltdf-accordion-holder eltdf-ac-default  eltdf-toggle eltdf-ac-boxed  clearfix\">\n\t<h6 class=\"eltdf-accordion-title\">\n    <span class=\"eltdf-accordion-mark\">\n\t\t<span class=\"eltdf_icon_plus icon_plus\"><\/span>\n\t\t<span class=\"eltdf_icon_minus icon_minus-06\"><\/span>\n\t<\/span>\n\t<span class=\"eltdf-tab-title\">Er det lege p\u00e5 Ankomstsenteret?<\/span>\n<\/h6>\n<div class=\"eltdf-accordion-content\">\n\t<div class=\"eltdf-accordion-content-inner\">\n\t\t[vc_column_text]Det er legevakt i senteret som du kan opps\u00f8ke dersom du har alvorlige eller akutte helseproblemer.[\/vc_column_text]\t<\/div>\n<\/div><h6 class=\"eltdf-accordion-title\">\n    <span class=\"eltdf-accordion-mark\">\n\t\t<span class=\"eltdf_icon_plus icon_plus\"><\/span>\n\t\t<span class=\"eltdf_icon_minus icon_minus-06\"><\/span>\n\t<\/span>\n\t<span class=\"eltdf-tab-title\">Hvor lenge kan jeg bo p\u00e5 mottakssenteret?<\/span>\n<\/h6>\n<div class=\"eltdf-accordion-content\">\n\t<div class=\"eltdf-accordion-content-inner\">\n\t\t[vc_column_text]Du har tilbud om \u00e5 bo i mottakssenter inntil du har f\u00e5tt oppholdstillatelse og myndighetene har funnet plass til deg i en kommune. I denne situasjonen er det usikkert hvor lang tid det vil ta f\u00f8r man f\u00e5r oppholdstillatelse, men det forventes \u00e5 g\u00e5 relativt raskt.[\/vc_column_text]\t<\/div>\n<\/div><h6 class=\"eltdf-accordion-title\">\n    <span class=\"eltdf-accordion-mark\">\n\t\t<span class=\"eltdf_icon_plus icon_plus\"><\/span>\n\t\t<span class=\"eltdf_icon_minus icon_minus-06\"><\/span>\n\t<\/span>\n\t<span class=\"eltdf-tab-title\">Kan jeg flytte til en privatadresse etter registrering og helsesjekk?<\/span>\n<\/h6>\n<div class=\"eltdf-accordion-content\">\n\t<div class=\"eltdf-accordion-content-inner\">\n\t\t[vc_column_text]Hvis du har familie eller andre i Norge som kan fors\u00f8rge deg og gi deg husly, kan du flytte ut av mottaket. Husk \u00e5 melde fra til mottaket om hvor du flytter. Det er viktig for at myndighetene skal kunne kontakte deg n\u00e5r du har f\u00e5tt oppholdstillatelsen. Les mer <a href=\"https:\/\/www.udi.no\/informasjon-ukraina-russland\/krisen-i-ukraina\/vare-i-norge\/soke-om-a-bo-privat\/#link-30331\">her.<\/a>[\/vc_column_text]\t<\/div>\n<\/div><h6 class=\"eltdf-accordion-title\">\n    <span class=\"eltdf-accordion-mark\">\n\t\t<span class=\"eltdf_icon_plus icon_plus\"><\/span>\n\t\t<span class=\"eltdf_icon_minus icon_minus-06\"><\/span>\n\t<\/span>\n\t<span class=\"eltdf-tab-title\">Blir det forsinkelse i saken hvis jeg reiser fra Ankomstsenteret?<\/span>\n<\/h6>\n<div class=\"eltdf-accordion-content\">\n\t<div class=\"eltdf-accordion-content-inner\">\n\t\t[vc_column_text]Hvis du har blitt registrert hos politiet, levert ID-dokumenter (pass) og f\u00e5tt registeringsbevis for asyls\u00f8kere, blir det trolig ikke noen forsinkelse i saken selv om du reiser fra Ankomstsenteret. Hvis politiet eller UDI trenger flere opplysninger, vil de ta kontakt.[\/vc_column_text]\t<\/div>\n<\/div><\/div>[\/vc_column][\/vc_row]<\/p>\n","protected":false},"excerpt":{"rendered":"<p>[vc_row row_content_width=&raquo;grid&raquo; css=&raquo;.vc_custom_1647369140102{padding-top: 60px !important;padding-bottom: 60px !important;}&raquo;][vc_column width=&raquo;1\/3&#8243;][vc_empty_space height=&raquo;10px&raquo;][\/vc_column][vc_column width=&raquo;1\/3&#8243;][vc_empty_space height=&raquo;10px&raquo;][\/vc_column][vc_column width=&raquo;1\/3&#8243;][\/vc_column][\/vc_row]<\/p>\n","protected":false},"author":13,"featured_media":32262,"parent":0,"menu_order":0,"comment_status":"closed","ping_status":"closed","template":"full-width.php","meta":{"inline_featured_image":false},"_links":{"self":[{"href":"https:\/\/www.ukrainianrefugees.no\/nb\/wp-json\/wp\/v2\/pages\/37536"}],"collection":[{"href":"https:\/\/www.ukrainianrefugees.no\/nb\/wp-json\/wp\/v2\/pages"}],"about":[{"href":"https:\/\/www.ukrainianrefugees.no\/nb\/wp-json\/wp\/v2\/types\/page"}],"author":[{"embeddable":true,"href":"https:\/\/www.ukrainianrefugees.no\/nb\/wp-json\/wp\/v2\/users\/13"}],"replies":[{"embeddable":true,"href":"https:\/\/www.ukrainianrefugees.no\/nb\/wp-json\/wp\/v2\/comments?post=37536"}],"version-history":[{"count":83,"href":"https:\/\/www.ukrainianrefugees.no\/nb\/wp-json\/wp\/v2\/pages\/37536\/revisions"}],"predecessor-version":[{"id":40372,"href":"https:\/\/www.ukrainianrefugees.no\/nb\/wp-json\/wp\/v2\/pages\/37536\/revisions\/40372"}],"wp:featuredmedia":[{"embeddable":true,"href":"https:\/\/www.ukrainianrefugees.no\/nb\/wp-json\/"}],"wp:attachment":[{"href":"https:\/\/www.ukrainianrefugees.no\/nb\/wp-json\/wp\/v2\/media?parent=37536"}],"curies":[{"name":"wp","href":"https:\/\/api.w.org\/{rel}","templated":true}]}}