{"id":37570,"date":"2022-03-15T13:22:38","date_gmt":"2022-03-15T12:22:38","guid":{"rendered":"https:\/\/www.ukrainianrefugees.no\/?page_id=37570"},"modified":"2022-05-27T17:56:33","modified_gmt":"2022-05-27T15:56:33","slug":"helse","status":"publish","type":"page","link":"https:\/\/www.ukrainianrefugees.no\/nb\/helse\/","title":{"rendered":"Helse"},"content":{"rendered":"<p>[vc_row row_content_width=&raquo;grid&raquo; css=&raquo;.vc_custom_1647369546528{padding-top: 60px !important;padding-bottom: 60px !important;}&raquo;][vc_column width=&raquo;1\/2&#8243;]<div class=\"eltdf-accordion-holder eltdf-ac-default  eltdf-toggle eltdf-ac-boxed  clearfix\">\n\t<h6 class=\"eltdf-accordion-title\">\n    <span class=\"eltdf-accordion-mark\">\n\t\t<span class=\"eltdf_icon_plus icon_plus\"><\/span>\n\t\t<span class=\"eltdf_icon_minus icon_minus-06\"><\/span>\n\t<\/span>\n\t<span class=\"eltdf-tab-title\">Akutt helsehjelp<\/span>\n<\/h6>\n<div class=\"eltdf-accordion-content\">\n\t<div class=\"eltdf-accordion-content-inner\">\n\t\t[vc_column_text]<\/p>\n<ul>\n<li>Ved ulykker, alvorlig sykdom eller andre alvorlige hendelser der du eller andre trenger akutt helsehjelp skal du kontakte\u00a0<a href=\"https:\/\/www.helsenorge.no\/sykdom\/forstehjelp-og-skader\/ring-113\/\">medisinsk n\u00f8dnummer 113.\u00a0<\/a><\/li>\n<li>Behandling p\u00e5 sykehus er gratis n\u00e5r det er medisinsk n\u00f8dvendig.<\/li>\n<li>Dersom du eller noen i din familie blir syk p\u00e5 kveldstid eller i helg, kan du ta kontakt med <a href=\"https:\/\/www.helsenorge.no\/hjelpetilbud-i-kommunene\/legevakt\/\">legevakta<\/a>. Telefonnummer til legevakta i Norge er <a href=\"tel:116117\">116 117.<\/a><\/li>\n<\/ul>\n<p>[\/vc_column_text]\t<\/div>\n<\/div><h6 class=\"eltdf-accordion-title\">\n    <span class=\"eltdf-accordion-mark\">\n\t\t<span class=\"eltdf_icon_plus icon_plus\"><\/span>\n\t\t<span class=\"eltdf_icon_minus icon_minus-06\"><\/span>\n\t<\/span>\n\t<span class=\"eltdf-tab-title\">Legebes\u00f8k<\/span>\n<\/h6>\n<div class=\"eltdf-accordion-content\">\n\t<div class=\"eltdf-accordion-content-inner\">\n\t\t[vc_column_text]<\/p>\n<ul>\n<li>Som asyls\u00f8ker eller flyktning har du\u00a0<a href=\"https:\/\/www.helsenorge.no\/fastlegen\/om\/rett-til-fastlege\/\">rett til fastlege<\/a>. Da kan du g\u00e5 til samme lege hver gang. Du skal ha tilgang til en lege ved behov selv om du enn\u00e5 ikke har f\u00e5tt tildelt fastlege.<\/li>\n<li>Barn opp til 16 \u00e5r har rett til gratis helsehjelp, mens voksne betaler en del av kostnadene ved legebes\u00f8k og medisiner inntil et visst niv\u00e5.<\/li>\n<li>Du kan ringe fastlegetelefonen, <a href=\"tel:81059500\">810 59 500<\/a>, for \u00e5 f\u00e5 fastlege.<\/li>\n<\/ul>\n<p>[\/vc_column_text]\t<\/div>\n<\/div><h6 class=\"eltdf-accordion-title\">\n    <span class=\"eltdf-accordion-mark\">\n\t\t<span class=\"eltdf_icon_plus icon_plus\"><\/span>\n\t\t<span class=\"eltdf_icon_minus icon_minus-06\"><\/span>\n\t<\/span>\n\t<span class=\"eltdf-tab-title\">Psykisk helsehjelp<\/span>\n<\/h6>\n<div class=\"eltdf-accordion-content\">\n\t<div class=\"eltdf-accordion-content-inner\">\n\t\t[vc_column_text]<\/p>\n<ul>\n<li>Du kan f\u00e5\u00a0<a href=\"https:\/\/www.helsenorge.no\/psykisk-helse\/psykisk-helsehjelp-for-voksne\/\">psykisk helsehjelp<\/a>\u00a0dersom du har psykiske plager og \u00f8nsker hjelp.<\/li>\n<li>Du kan blant annet f\u00e5 hjelp hvis du har v\u00e6rt utsatt for tortur, vold eller overgrep, og trenger noen \u00e5 snakke med om dette. Dette gjelder ogs\u00e5 dersom du har store problemer med \u00e5 sove.<\/li>\n<li>Du kan ogs\u00e5 f\u00e5 hjelp hvis du har et rusproblem. Du kan snakke med lege eller annet helsepersonell om rusbehandling.<\/li>\n<\/ul>\n<p>[\/vc_column_text]\t<\/div>\n<\/div><h6 class=\"eltdf-accordion-title\">\n    <span class=\"eltdf-accordion-mark\">\n\t\t<span class=\"eltdf_icon_plus icon_plus\"><\/span>\n\t\t<span class=\"eltdf_icon_minus icon_minus-06\"><\/span>\n\t<\/span>\n\t<span class=\"eltdf-tab-title\">Trenger du noen \u00e5 snakke med?<\/span>\n<\/h6>\n<div class=\"eltdf-accordion-content\">\n\t<div class=\"eltdf-accordion-content-inner\">\n\t\t[vc_column_text]Flere er n\u00e5 redde og bekymret i den grad at det kan g\u00e5 ut over deres psykiske helse. Hvis dette gjelder deg, finnes det flere krisetelefoner du kan ringe for \u00e5 snakke med noen:<\/p>\n<ul>\n<li><strong><a href=\"https:\/\/mentalhelse.no\/fa-hjelp\/hjelpetelefonen\">Mental Helse<\/a><\/strong><br \/>\nMental Helses hjelpetelefon er en gratis og d\u00f8gn\u00e5pen telefontjeneste for alle som trenger noen \u00e5 snakke med. Du kan v\u00e6re anonym og de har taushetsplikt.<br \/>\n<a href=\"tel:116123\">116 123<\/a><br \/>\npost@mentalhelse.no<\/li>\n<li><strong><a href=\"https:\/\/www.kirkens-sos.no\/\">Kirken SOS<\/a><\/strong><br \/>\nKirken SOS kan fors\u00f8ke \u00e5 hjelpe deg med \u00e5 lindre smerten ved f\u00f8lelsesmessig og eksistensiell krise \u2013 og forebygge selvmord.<br \/>\n<a href=\"tel:22400040\">22 40 00 40<\/a><\/li>\n<li><a href=\"https:\/\/korspaahalsen.rodekors.no\/\"><strong>Kors p\u00e5 halsen (For barn og unge opp til 18 \u00e5r) <\/strong><\/a><br \/>\nGratis, trygt og anonymt. Her kan du prate med eller skrive til voksne som er frivillige i R\u00f8de Kors. De h\u00f8rer p\u00e5 det du har \u00e5 si og hjelper deg om du vil. Du kan ogs\u00e5 snakke med andre p\u00e5 din egen alder p\u00e5 forumet.\u00a0<strong><br \/>\n<\/strong><a href=\"tel:80033321\">800 333 21<\/a><\/li>\n<li><strong><a href=\"https:\/\/www.rodekors.no\/tilbudene\/oppsporingstjenesten\/\">Oppsporingstjenesten<\/a><\/strong><br \/>\nR\u00f8de Kors arbeider for \u00e5 gjenopprette kontakten mellom mennesker som har mistet hverandre som f\u00f8lge av krig, konflikt, katastrofe eller migrasjon.<br \/>\n<a href=\"tel:22054000\">22 05 40 00<\/a><\/li>\n<\/ul>\n<p>[\/vc_column_text]\t<\/div>\n<\/div><\/div><div class=\"eltdf-accordion-holder eltdf-ac-default  eltdf-toggle eltdf-ac-boxed  clearfix\">\n\t<\/div>[\/vc_column][vc_column width=&raquo;1\/2&#8243;]<div class=\"eltdf-accordion-holder eltdf-ac-default  eltdf-toggle eltdf-ac-boxed  clearfix\">\n\t<h6 class=\"eltdf-accordion-title\">\n    <span class=\"eltdf-accordion-mark\">\n\t\t<span class=\"eltdf_icon_plus icon_plus\"><\/span>\n\t\t<span class=\"eltdf_icon_minus icon_minus-06\"><\/span>\n\t<\/span>\n\t<span class=\"eltdf-tab-title\">Tannlege<\/span>\n<\/h6>\n<div class=\"eltdf-accordion-content\">\n\t<div class=\"eltdf-accordion-content-inner\">\n\t\t[vc_column_text]<\/p>\n<ul>\n<li>Tannlege er gratis for barn opptil 18 \u00e5r.<\/li>\n<li>Voksne m\u00e5 betale for tannlege selv. Det er <a href=\"https:\/\/www.helsedirektoratet.no\/veiledere\/helsetjenester-til-asylsokere-flyktninger-og-familiegjenforente\/helsetjenester-for-flyktninger-asylsokere-og-familiegjenforente#tannhelsetjenester\">reduserte priser<\/a> for voksne inntil det \u00e5ret man fyller 22 \u00e5r.<\/li>\n<li>Om du bor i ankomstsenter eller p\u00e5 transittmottak, kan du f\u00e5 dekket utgiftene til akutt tannbehandling.<\/li>\n<\/ul>\n<p>[\/vc_column_text]\t<\/div>\n<\/div><h6 class=\"eltdf-accordion-title\">\n    <span class=\"eltdf-accordion-mark\">\n\t\t<span class=\"eltdf_icon_plus icon_plus\"><\/span>\n\t\t<span class=\"eltdf_icon_minus icon_minus-06\"><\/span>\n\t<\/span>\n\t<span class=\"eltdf-tab-title\">Helsehjelp til gravide<\/span>\n<\/h6>\n<div class=\"eltdf-accordion-content\">\n\t<div class=\"eltdf-accordion-content-inner\">\n\t\t[vc_column_text]<\/p>\n<ul>\n<li>Gravide har rett til helsehjelp f\u00f8r, under og etter f\u00f8dselen. Gravide har rett til oppf\u00f8lging av lege eller jordmor og rett til \u00e5 f\u00f8de p\u00e5 sykehus. Gravide bestemmer selv om de vil ta abort inntil uke 12 i svangerskapet.<\/li>\n<li>For gravide og f\u00f8dende er all helsehjelp gratis. F\u00f8dsel p\u00e5 sykehus er gratis.<\/li>\n<li>Foreldre som har f\u00e5tt oppholdstillatelse har rett til <a href=\"https:\/\/familie.nav.no\/om-engangsstonad?fbclid=IwAR17wiOKTiFOhedKj5vP1HFfxSMXt2iA9KMSAm8t4e7meYqIlksPXpxgQAw\">engangsst\u00f8nad<\/a>. For ikke \u00e5 miste retten til utbetaling m\u00e5 s\u00f8knaden sendes til NAV senest seks m\u00e5neder fra f\u00f8dselsdato.<\/li>\n<\/ul>\n<p>[\/vc_column_text]\t<\/div>\n<\/div><h6 class=\"eltdf-accordion-title\">\n    <span class=\"eltdf-accordion-mark\">\n\t\t<span class=\"eltdf_icon_plus icon_plus\"><\/span>\n\t\t<span class=\"eltdf_icon_minus icon_minus-06\"><\/span>\n\t<\/span>\n\t<span class=\"eltdf-tab-title\">D-nummer<\/span>\n<\/h6>\n<div class=\"eltdf-accordion-content\">\n\t<div class=\"eltdf-accordion-content-inner\">\n\t\t[vc_column_text]Under registrering hos politiet f\u00e5r du et <a href=\"https:\/\/www.udi.no\/ord-og-begreper\/d-nummer\/\">D-nummer <\/a>som brukes ved m\u00f8ter med helsetjenesten, inntil du f\u00e5r et vanlig <a href=\"https:\/\/www.udi.no\/ord-og-begreper\/personnummer\/\">personnummer.<\/a>[\/vc_column_text]\t<\/div>\n<\/div><h6 class=\"eltdf-accordion-title\">\n    <span class=\"eltdf-accordion-mark\">\n\t\t<span class=\"eltdf_icon_plus icon_plus\"><\/span>\n\t\t<span class=\"eltdf_icon_minus icon_minus-06\"><\/span>\n\t<\/span>\n\t<span class=\"eltdf-tab-title\">Slik skaffer du norsk f\u00f8dselsattest til barnet ditt<\/span>\n<\/h6>\n<div class=\"eltdf-accordion-content\">\n\t<div class=\"eltdf-accordion-content-inner\">\n\t\t[vc_column_text]<\/p>\n<ul>\n<li>Etter at barnet er f\u00f8dt, sender sykehuset automatisk en f\u00f8dselsmelding til Skatteetaten om f\u00f8dselsdato, f\u00f8dselssted, kj\u00f8nn og navn p\u00e5 barnets mor. Da f\u00e5r barnet tildelt et\u00a0<a href=\"https:\/\/www.skatteetaten.no\/person\/folkeregister\/fodsel-og-navnevalg\/barn-fodt-i-norge\/fodselsnummer\/\">f\u00f8dselsnummer<\/a>\u00a0i Folkeregisteret. Sykehuset gir ikke ut f\u00f8dselsattest, men moren til barnet kan f\u00e5 legeattest om f\u00f8dselen (epikrise).<\/li>\n<li>Navnet til barnet m\u00e5 meldes inn til\u00a0<a href=\"https:\/\/www.skatteetaten.no\/person\/folkeregister\/fodsel-og-navnevalg\/meld-inn-navn-pa-barn\/\">Skatteetaten<\/a>\u00a0senest innen barnet fyller seks m\u00e5neder.<\/li>\n<li>Dersom forelder har bankID eller p\u00e5 annen m\u00e5te kan <a href=\"https:\/\/idporten.difi.no\/opensso\/UI\/Login?realm=\/norge.no&amp;spEntityID=skatt.skatteetaten.no_2023_post&amp;goto=http:\/\/idporten.difi.no\/opensso\/SSORedirect\/metaAlias\/norge.no\/idp5?ReqID%3D_3d81120b6e07e74c87537bf847cf898ad2c070%26index%3Dnull%26acsURL%3Dhttps:\/\/skatt.skatteetaten.no\/saml\/sp\/profile\/post\/acs%26spEntityID%3Dskatt.skatteetaten.no_2023_post%26binding%3Durn:oasis:names:tc:SAML:2.0:bindings:HTTP-POST\">logge inn i Skatteetaten<\/a>, kan hun\/han melde inn barnets navn selv. Dersom forelder ikke har bankID, m\u00e5 hun\/han fylle ut et papirskjema. For \u00e5 gj\u00f8re dette kan man m\u00f8te opp personlig p\u00e5 det lokale skattekontoret (Skatteetaten), fylle ut og sende inn et dokument for registrering. Det er ogs\u00e5 mulig \u00e5 ringe til skattekontoret og f\u00e5 skjemaet i posten, fylle ut skriftlig og sende tilbake.<\/li>\n<li>Informasjonen om foreldrene og barnets identitet b\u00f8r bekreftes av begge foreldrene. Dersom en far ikke har muligheten til \u00e5 fylle ut skjemaet online eller levere det fysisk, vil ikke barnets f\u00f8dselsattest inneholde opplysninger om far. Moren vil bli registrert som alenemor.<\/li>\n<li>N\u00e5r barnets navn er registrert, sendes f\u00f8dselsattest med vanlig post eller med Digipost til foreldre. Du kan f\u00f8lge prosessen\u00a0<a href=\"https:\/\/www.skatteetaten.no\/person\/folkeregister\/fodsel-og-navnevalg\/barn-fodt-i-norge\/\">her.<\/a><\/li>\n<li>For \u00e5 kunne bruke f\u00f8dselsattesten i utlandet anbefaler vi \u00e5 bestille utskrift av dokumentet i flere eksemplarer og p\u00e5 flere spr\u00e5k, samt legge ved en <a href=\"https:\/\/www.statsforvalteren.no\/portal\/folk-og-samfunn\/apostillestempel-pa-dokumenter\/\">apostillestempel<\/a> p\u00e5f\u00f8rt dokumentet av <a href=\"https:\/\/www.statsforvalteren.no\/portal\/folk-og-samfunn\/apostillestempel-pa-dokumenter\/\">Statsforvalteren<\/a>. Foreldre m\u00e5 selv <a href=\"https:\/\/www.statsforvalteren.no\/nb\/portal\/Om-oss\/Kontakt-oss\/\">ta kontakt<\/a> med og sende f\u00f8dselsattesten til Statsforvalteren.<\/li>\n<li>Deretter b\u00f8r foreldre kontakte UDI og s\u00f8ke om oppholdstillatelse for et nyf\u00f8dt barn. Oppholdstillatelsen vil bli sendt til bostedsadressen. Les mer\u00a0<a href=\"https:\/\/www.udi.no\/skal-soke\/beskyttelse\/soke-om-beskyttelse-asyl-for-barn-som-er-fodt-i-norge\/?fbclid=IwAR0FddTkKXYzYYiujR_Gr3gZBpr5GFn73OXmQavJ9tgdgRZ_RlX7P9EjVu8\">her.<\/a><\/li>\n<\/ul>\n<h6>Dersom registreringen av det nyf\u00f8dte barnet ble utf\u00f8rt av norske myndigheter og er dokumentert med en f\u00f8dselsattest, foretas ikke omregistreringen i den ukrainske ambassaden.<\/h6>\n<p>[\/vc_column_text]\t<\/div>\n<\/div><h6 class=\"eltdf-accordion-title\">\n    <span class=\"eltdf-accordion-mark\">\n\t\t<span class=\"eltdf_icon_plus icon_plus\"><\/span>\n\t\t<span class=\"eltdf_icon_minus icon_minus-06\"><\/span>\n\t<\/span>\n\t<span class=\"eltdf-tab-title\">Slik skaffer du ukrainsk f\u00f8dselsattest til barnet ditt<\/span>\n<\/h6>\n<div class=\"eltdf-accordion-content\">\n\t<div class=\"eltdf-accordion-content-inner\">\n\t\t[vc_column_text]Offisiell registrering av f\u00f8dselen av et barn av ukrainske statsborgere som bor eller midlertidig oppholder seg i Norge, utf\u00f8res av det ukrainske konsulatet. Registrering utf\u00f8res av konsulen, samtidig som det ogs\u00e5 registreres opplysninger om barnets opprinnelse og navn. For \u00e5 bli registret av det ukrainske konsulatet m\u00e5 en skriftlig s\u00f8knad fra en eller begge foreldrene foretas. S\u00f8knaden m\u00e5 leveres inn innen en m\u00e5ned etter barnets f\u00f8dselsdato. Ved f\u00f8dsel av d\u00f8df\u00f8dt barn m\u00e5 s\u00f8knaden leveres inn innen tre dager.<\/p>\n<p><strong><br \/>\nF\u00f8lgende dokumenter m\u00e5 oppgis til konsulatet:<\/strong><\/p>\n<ul>\n<li>Legeattest fra medisinsk institusjon om f\u00f8dsel (epikrise)<\/li>\n<li>Identifikasjonsdokumenter som bekrefter identiteten til en eller begge foreldrene<\/li>\n<li>Et dokument som gir grunnlag for \u00e5 legge inn informasjonen om far.<\/li>\n<\/ul>\n<p>Dersom identifikasjonsdokumenter til en av foreldrene av gyldige grunner ikke kan fremvises, kan foreldreskap bekreftes ved \u00e5 blant annet legge frem en vigselsattest, mors uttalelse eller fars s\u00f8knad om anerkjennelse av farskap. Informasjon om statsborgerskap og nasjonalitet fylles ikke ut p\u00e5 f\u00f8dselsattesten, men denne konsul\u00e6re tjenesten tilbys gratis <a href=\"https:\/\/norway.mfa.gov.ua\/konsulski-pitannya\/reyestraciya-aktiv-civilnogo-stanu\">her.<\/a><\/p>\n<p><strong><br \/>\n<\/strong>Foreldre m\u00e5 deretter kontakte UDI og s\u00f8ke om oppholdstillatelse for et nyf\u00f8dt barn. Oppholdstillatelse vil bli sendt til bostedsadressen. F\u00e5 mer informasjon om dette p\u00e5 UDI sider <a style=\"font-family: Arial, sans-serif; font-size: 15px; font-weight: 300;\" href=\"https:\/\/www.udi.no\/skal-soke\/beskyttelse\/soke-om-beskyttelse-asyl-for-barn-som-er-fodt-i-norge\/?fbclid=IwAR0FddTkKXYzYYiujR_Gr3gZBpr5GFn73OXmQavJ9tgdgRZ_RlX7P9EjVu8\">her.<\/a><\/p>\n<h6>Dersom registreringen av det nyf\u00f8dte barnet ble utf\u00f8rt av norske myndigheter og er dokumentert med en f\u00f8dselsattest, foretas ikke omregistreringen p\u00e5 den ukrainsk ambassaden.<\/h6>\n<p>[\/vc_column_text]\t<\/div>\n<\/div><\/div>[\/vc_column][\/vc_row]<\/p>\n","protected":false},"excerpt":{"rendered":"<p>[vc_row row_content_width=&raquo;grid&raquo; css=&raquo;.vc_custom_1647369546528{padding-top: 60px !important;padding-bottom: 60px !important;}&raquo;][vc_column width=&raquo;1\/2&#8243;][\/vc_column][vc_column width=&raquo;1\/2&#8243;][\/vc_column][\/vc_row]<\/p>\n","protected":false},"author":13,"featured_media":32262,"parent":0,"menu_order":0,"comment_status":"closed","ping_status":"closed","template":"full-width.php","meta":{"inline_featured_image":false},"_links":{"self":[{"href":"https:\/\/www.ukrainianrefugees.no\/nb\/wp-json\/wp\/v2\/pages\/37570"}],"collection":[{"href":"https:\/\/www.ukrainianrefugees.no\/nb\/wp-json\/wp\/v2\/pages"}],"about":[{"href":"https:\/\/www.ukrainianrefugees.no\/nb\/wp-json\/wp\/v2\/types\/page"}],"author":[{"embeddable":true,"href":"https:\/\/www.ukrainianrefugees.no\/nb\/wp-json\/wp\/v2\/users\/13"}],"replies":[{"embeddable":true,"href":"https:\/\/www.ukrainianrefugees.no\/nb\/wp-json\/wp\/v2\/comments?post=37570"}],"version-history":[{"count":54,"href":"https:\/\/www.ukrainianrefugees.no\/nb\/wp-json\/wp\/v2\/pages\/37570\/revisions"}],"predecessor-version":[{"id":39936,"href":"https:\/\/www.ukrainianrefugees.no\/nb\/wp-json\/wp\/v2\/pages\/37570\/revisions\/39936"}],"wp:featuredmedia":[{"embeddable":true,"href":"https:\/\/www.ukrainianrefugees.no\/nb\/wp-json\/"}],"wp:attachment":[{"href":"https:\/\/www.ukrainianrefugees.no\/nb\/wp-json\/wp\/v2\/media?parent=37570"}],"curies":[{"name":"wp","href":"https:\/\/api.w.org\/{rel}","templated":true}]}}