{"id":37578,"date":"2022-03-15T13:43:22","date_gmt":"2022-03-15T12:43:22","guid":{"rendered":"https:\/\/www.ukrainianrefugees.no\/?page_id=37578"},"modified":"2023-12-23T18:20:12","modified_gmt":"2023-12-23T17:20:12","slug":"barnehage-skole-og-utdanning","status":"publish","type":"page","link":"https:\/\/www.ukrainianrefugees.no\/nb\/barnehage-skole-og-utdanning\/","title":{"rendered":"Barnehage, skole og utdanning"},"content":{"rendered":"<p>[vc_row row_content_width=&raquo;grid&raquo; css=&raquo;.vc_custom_1647369552444{padding-top: 60px !important;padding-bottom: 60px !important;}&raquo;][vc_column]<div class=\"eltdf-accordion-holder eltdf-ac-default  eltdf-toggle eltdf-ac-boxed  clearfix\">\n\t<h6 class=\"eltdf-accordion-title\">\n    <span class=\"eltdf-accordion-mark\">\n\t\t<span class=\"eltdf_icon_plus icon_plus\"><\/span>\n\t\t<span class=\"eltdf_icon_minus icon_minus-06\"><\/span>\n\t<\/span>\n\t<span class=\"eltdf-tab-title\">Barnehage<\/span>\n<\/h6>\n<div class=\"eltdf-accordion-content\">\n\t<div class=\"eltdf-accordion-content-inner\">\n\t\t[vc_column_text]<\/p>\n<ul>\n<li>Barna dine har rett til barnehageplass. Kommunene er godt i gang med \u00e5 forberede dette s\u00e5 vi regner med at ukrainske barn skal f\u00e5 starte i barnehagen raskt.<\/li>\n<\/ul>\n<p>[\/vc_column_text]\t<\/div>\n<\/div><h6 class=\"eltdf-accordion-title\">\n    <span class=\"eltdf-accordion-mark\">\n\t\t<span class=\"eltdf_icon_plus icon_plus\"><\/span>\n\t\t<span class=\"eltdf_icon_minus icon_minus-06\"><\/span>\n\t<\/span>\n\t<span class=\"eltdf-tab-title\">Skole<\/span>\n<\/h6>\n<div class=\"eltdf-accordion-content\">\n\t<div class=\"eltdf-accordion-content-inner\">\n\t\t[vc_column_text]<\/p>\n<ul>\n<li>Alle barn som sannsynligvis skal v\u00e6re i Norge i mer enn tre m\u00e5neder har rett til \u00e5 g\u00e5 p\u00e5 grunnskole (1-10. klasse). Etter tre m\u00e5neder er det ogs\u00e5 en plikt \u00e5 g\u00e5 p\u00e5 grunnskole for barn mellom 6 og 16 \u00e5r.<\/li>\n<li>Barn mellom 16- 18 \u00e5r har rett til \u00e5 g\u00e5 p\u00e5 videreg\u00e5ende skole.<\/li>\n<\/ul>\n<p>[\/vc_column_text]\t<\/div>\n<\/div><h6 class=\"eltdf-accordion-title\">\n    <span class=\"eltdf-accordion-mark\">\n\t\t<span class=\"eltdf_icon_plus icon_plus\"><\/span>\n\t\t<span class=\"eltdf_icon_minus icon_minus-06\"><\/span>\n\t<\/span>\n\t<span class=\"eltdf-tab-title\">Utdanning<\/span>\n<\/h6>\n<div class=\"eltdf-accordion-content\">\n\t<div class=\"eltdf-accordion-content-inner\">\n\t\t[vc_column_text]<\/p>\n<ul>\n<li>Kollektiv beskyttelse gir ogs\u00e5 rett til \u00e5 studere og \u00e5 f\u00e5 st\u00f8tte til studier i Norge. Dette forutsatt at en fyller akademiske krav til utdannelsen.<\/li>\n<\/ul>\n<p>[\/vc_column_text]\t<\/div>\n<\/div><h6 class=\"eltdf-accordion-title\">\n    <span class=\"eltdf-accordion-mark\">\n\t\t<span class=\"eltdf_icon_plus icon_plus\"><\/span>\n\t\t<span class=\"eltdf_icon_minus icon_minus-06\"><\/span>\n\t<\/span>\n\t<span class=\"eltdf-tab-title\">Godkjenning av utdanning og diploma<\/span>\n<\/h6>\n<div class=\"eltdf-accordion-content\">\n\t<div class=\"eltdf-accordion-content-inner\">\n\t\t[vc_column_text]<\/p>\n<div class=\"cxmmr5t8 oygrvhab hcukyx3x c1et5uql o9v6fnle ii04i59q\">\n<ul>\n<li dir=\"auto\"><a href=\"https:\/\/hkdir.no\/utdanning-fra-utlandet\"><span style=\"color: #000000;\"><span style=\"color: #3366ff;\"><span style=\"color: #0000ff;\">Direktoratet for h\u00f8yere utdanning og kompetanse<\/span><\/span><\/span><\/a><span style=\"color: #000000;\"> et statlig organ som m\u00e5 godkjenne utdanninger fra utlandet, som for eksempel fra Ukraina, og informere om dette.<\/span><\/li>\n<\/ul>\n<\/div>\n<div class=\"cxmmr5t8 oygrvhab hcukyx3x c1et5uql o9v6fnle ii04i59q\"><\/div>\n<div class=\"cxmmr5t8 oygrvhab hcukyx3x c1et5uql o9v6fnle ii04i59q\"><\/div>\n<p>[\/vc_column_text]\t<\/div>\n<\/div><\/div><div class=\"eltdf-accordion-holder eltdf-ac-default  eltdf-toggle eltdf-ac-boxed  clearfix\">\n\t<\/div>[\/vc_column][\/vc_row]<\/p>\n","protected":false},"excerpt":{"rendered":"<p>[vc_row row_content_width=&raquo;grid&raquo; css=&raquo;.vc_custom_1647369552444{padding-top: 60px !important;padding-bottom: 60px !important;}&raquo;][vc_column][\/vc_column][\/vc_row]<\/p>\n","protected":false},"author":13,"featured_media":32262,"parent":0,"menu_order":0,"comment_status":"closed","ping_status":"closed","template":"full-width.php","meta":{"inline_featured_image":false},"_links":{"self":[{"href":"https:\/\/www.ukrainianrefugees.no\/nb\/wp-json\/wp\/v2\/pages\/37578"}],"collection":[{"href":"https:\/\/www.ukrainianrefugees.no\/nb\/wp-json\/wp\/v2\/pages"}],"about":[{"href":"https:\/\/www.ukrainianrefugees.no\/nb\/wp-json\/wp\/v2\/types\/page"}],"author":[{"embeddable":true,"href":"https:\/\/www.ukrainianrefugees.no\/nb\/wp-json\/wp\/v2\/users\/13"}],"replies":[{"embeddable":true,"href":"https:\/\/www.ukrainianrefugees.no\/nb\/wp-json\/wp\/v2\/comments?post=37578"}],"version-history":[{"count":22,"href":"https:\/\/www.ukrainianrefugees.no\/nb\/wp-json\/wp\/v2\/pages\/37578\/revisions"}],"predecessor-version":[{"id":40385,"href":"https:\/\/www.ukrainianrefugees.no\/nb\/wp-json\/wp\/v2\/pages\/37578\/revisions\/40385"}],"wp:featuredmedia":[{"embeddable":true,"href":"https:\/\/www.ukrainianrefugees.no\/nb\/wp-json\/"}],"wp:attachment":[{"href":"https:\/\/www.ukrainianrefugees.no\/nb\/wp-json\/wp\/v2\/media?parent=37578"}],"curies":[{"name":"wp","href":"https:\/\/api.w.org\/{rel}","templated":true}]}}