{"id":37585,"date":"2022-03-15T13:48:16","date_gmt":"2022-03-15T12:48:16","guid":{"rendered":"https:\/\/www.ukrainianrefugees.no\/?page_id=37585"},"modified":"2023-12-23T20:44:05","modified_gmt":"2023-12-23T19:44:05","slug":"reise-til-ukraina-og-andre-land","status":"publish","type":"page","link":"https:\/\/www.ukrainianrefugees.no\/nb\/reise-til-ukraina-og-andre-land\/","title":{"rendered":"Reise til Ukraina og andre land"},"content":{"rendered":"<p>[vc_row row_content_width=&raquo;grid&raquo; css=&raquo;.vc_custom_1647369504301{padding-top: 60px !important;padding-bottom: 60px !important;}&raquo;][vc_column width=&raquo;1\/2&#8243;]<div class=\"eltdf-accordion-holder eltdf-ac-default  eltdf-toggle eltdf-ac-boxed  clearfix\">\n\t<h6 class=\"eltdf-accordion-title\">\n    <span class=\"eltdf-accordion-mark\">\n\t\t<span class=\"eltdf_icon_plus icon_plus\"><\/span>\n\t\t<span class=\"eltdf_icon_minus icon_minus-06\"><\/span>\n\t<\/span>\n\t<span class=\"eltdf-tab-title\">Kan jeg reise hjem til Ukraina selv om jeg har f\u00e5tt kollektiv beskyttelse i Norge?<\/span>\n<\/h6>\n<div class=\"eltdf-accordion-content\">\n\t<div class=\"eltdf-accordion-content-inner\">\n\t\t[vc_column_text]<\/p>\n<ul>\n<li>\n<p style=\"font-weight: 400;\">Du kan ikke lenger reise frem og tilbake mellom Ukraina og Norge hvis du har f\u00e5tt kollektiv beskyttelse, uten at det kan f\u00e5 konsekvenser for oppholdstillatelsen din. Det gjelder fra og med 12. desember 2023. Du kan reise tilbake til Ukraina dersom du har et legitimt form\u00e5l med reisen, men det er sv\u00e6rt f\u00e5 form\u00e5l som vil godtas. <a href=\"https:\/\/www.udi.no\/informasjon-ukraina-russland\/krisen-i-ukraina\/vare-i-norge\/beskyttelse-i-norge\/har-fatt-svar\/#link-30136:~:text=Du%20kan%20ikke,som%20vil%20godtas.\">Les mer her.<\/a><\/p>\n<\/li>\n<\/ul>\n<p>[\/vc_column_text]\t<\/div>\n<\/div><h6 class=\"eltdf-accordion-title\">\n    <span class=\"eltdf-accordion-mark\">\n\t\t<span class=\"eltdf_icon_plus icon_plus\"><\/span>\n\t\t<span class=\"eltdf_icon_minus icon_minus-06\"><\/span>\n\t<\/span>\n\t<span class=\"eltdf-tab-title\">Kan jeg reise ut av Norge mens jeg har kollektiv beskyttelse?<\/span>\n<\/h6>\n<div class=\"eltdf-accordion-content\">\n\t<div class=\"eltdf-accordion-content-inner\">\n\t\t[vc_column_text]<\/p>\n<ul>\n<li>Du kan reise ut av Norge mens du har kollektiv beskyttelse. Men du kan ikke lenger reise frem og tilbake mellom Ukraina og Norge hvis du har f\u00e5tt kollektiv beskyttelse, uten at det kan f\u00e5 konsekvenser for oppholdstillatelsen din. V\u00e6r oppmerksom p\u00e5 at du m\u00e5 oppholde deg i Norge i minst halvparten av tiden du har tillatelse.<\/li>\n<li>N\u00e5r du skal reise til utlandet, m\u00e5 du ha:<br \/>\n\u2022 gyldig pass\/utlendingspass\/reisebevis for flyktninger<br \/>\n\u2022 gyldig oppholdskort<\/li>\n<\/ul>\n<p>[\/vc_column_text]\t<\/div>\n<\/div><h6 class=\"eltdf-accordion-title\">\n    <span class=\"eltdf-accordion-mark\">\n\t\t<span class=\"eltdf_icon_plus icon_plus\"><\/span>\n\t\t<span class=\"eltdf_icon_minus icon_minus-06\"><\/span>\n\t<\/span>\n\t<span class=\"eltdf-tab-title\">St\u00f8tte ved retur til Ukraina<\/span>\n<\/h6>\n<div class=\"eltdf-accordion-content\">\n\t<div class=\"eltdf-accordion-content-inner\">\n\t\t[vc_column_text]<\/p>\n<ul>\n<li>Hvis du har f\u00e5tt oppholdstillatelse i Norge, men \u00f8nsker \u00e5 reise hjem, kan du <a href=\"https:\/\/www.udi.no\/retur\/sok-om-tilbakevending\/?fbclid=IwAR0pmrsuFxuC4BpINN__hffQZV_5amtOHR30Au0CehOQP2kEVxXPD2K0--U#link-971\">s\u00f8ke om st\u00f8tte fra norske myndigheter.<\/a><\/li>\n<\/ul>\n<p>[\/vc_column_text]\t<\/div>\n<\/div><\/div><div class=\"eltdf-accordion-holder eltdf-ac-default  eltdf-toggle eltdf-ac-boxed  clearfix\">\n\t<\/div>[\/vc_column][vc_column width=&raquo;1\/2&#8243;]<div class=\"eltdf-accordion-holder eltdf-ac-default  eltdf-toggle eltdf-ac-boxed  clearfix\">\n\t<h6 class=\"eltdf-accordion-title\">\n    <span class=\"eltdf-accordion-mark\">\n\t\t<span class=\"eltdf_icon_plus icon_plus\"><\/span>\n\t\t<span class=\"eltdf_icon_minus icon_minus-06\"><\/span>\n\t<\/span>\n\t<span class=\"eltdf-tab-title\">Kan det oppst\u00e5 problemer med \u00e5 komme inn igjen i landet hvis jeg drar midlertidig tilbake til Ukraina?<\/span>\n<\/h6>\n<div class=\"eltdf-accordion-content\">\n\t<div class=\"eltdf-accordion-content-inner\">\n\t\t[vc_column_text]<\/p>\n<ul>\n<li>Ingen ukrainere nektes adgang til \u00e5 komme inn i landet.<\/li>\n<li>Statsborgere i Ukraina kommer inn i landet med et pass for utenlandsreiser.<\/li>\n<li>Dersom passet ditt er utl\u00f8pt eller barnet har ikke pass, b\u00f8r du kontakte Ukrainas ambassade i Norge for <a href=\"https:\/\/norway.mfa.gov.ua\/konsulski-pitannya\/pasportni-diyi\">\u00e5 forlenge passet<\/a>, samt legge inn opplysninger om barnet i passet til en av foreldrene.<\/li>\n<li>Hvis du forlot Ukraina uten pass for utenlandsreiser eller mistet det, b\u00f8r du skaffe deg <a href=\"https:\/\/norway.mfa.gov.ua\/konsulski-pitannya\/pasportni-diyi\/posvidchennya-osobi-na-povernennya-v-ukrayinu\">en attest for \u00e5 returnere til Ukraina<\/a><a href=\"https:\/\/norway.mfa.gov.ua\/konsulski-pitannya\/posvidchennya-osobi-na-povernennya-v-ukrayinu\">.<\/a> En slik attest b\u00f8r ogs\u00e5 utstedes til mindre\u00e5rige barn som har forlatt Ukraina med en f\u00f8dselsattest og hvis foreldre ikke har pass.<\/li>\n<\/ul>\n<p>[\/vc_column_text]\t<\/div>\n<\/div><h6 class=\"eltdf-accordion-title\">\n    <span class=\"eltdf-accordion-mark\">\n\t\t<span class=\"eltdf_icon_plus icon_plus\"><\/span>\n\t\t<span class=\"eltdf_icon_minus icon_minus-06\"><\/span>\n\t<\/span>\n\t<span class=\"eltdf-tab-title\">Sikkerhet p\u00e5 reisen<\/span>\n<\/h6>\n<div class=\"eltdf-accordion-content\">\n\t<div class=\"eltdf-accordion-content-inner\">\n\t\t[vc_column_text]<\/p>\n<ul>\n<li>Ikke gi originale reisedokumenter for deg selv eller barnet ditt til noen andre enn politiet i Norge\/myndigheter i det landet du s\u00f8ker beskyttelse. Oppbevar kopiene p\u00e5 et annet sted enn originalene. Norsk politi kan ta inn dokumentene dine, men de plikter \u00e5 levere dem tilbake til deg etter \u00e5 ha gjennomf\u00f8rt n\u00f8dvendige prosedyrer.<\/li>\n<li>Planlegg ruten for reisen. Ikke sett deg inn i kj\u00f8ret\u00f8yet til noen du ikke vet hvem er, eller som ikke kan vise at de jobber for en offentlig organisasjon. Fortell familie eller venner om bilens registreringsnummer og planlagt ankomststed.<\/li>\n<li>Ikke gi telefonen til noen du ikke kjenner og stoler p\u00e5, hold kontakten med slektninger.<\/li>\n<li>Ikke ta imot penger av fremmede, om de kan forlange \u00e5 f\u00e5 noe fra deg i retur.<\/li>\n<li>V\u00e6r forsiktig om noen p\u00e5 frivillig basis tilbyr deg et sted \u00e5 bo, om du ikke kjenner deres intensjoner.<\/li>\n<li>Ikke begynn \u00e5 jobbe for noen uten arbeidstillatelse eller kontrakt. Vent til du f\u00e5r vedtak om oppholdstillatelse. Kollektiv beskyttelse gir rett til \u00e5 jobbe lovlig i landet.<\/li>\n<li>Husk at ingen privatpersoner kan p\u00e5virke prosedyren for oppholdstillatelse. Du m\u00e5 registrere deg hos politiet for \u00e5 f\u00e5 opphold- og arbeidstillatelse og rett til sosiale tjenester i Norge.<\/li>\n<li>Hvis du blir truet eller fors\u00f8kt tatt av menneskehandlere, ring politiet , n\u00f8dnummer 112.<\/li>\n<\/ul>\n<p>[\/vc_column_text]\t<\/div>\n<\/div><\/div>[\/vc_column][\/vc_row]<\/p>\n","protected":false},"excerpt":{"rendered":"<p>[vc_row row_content_width=&raquo;grid&raquo; css=&raquo;.vc_custom_1647369504301{padding-top: 60px !important;padding-bottom: 60px !important;}&raquo;][vc_column width=&raquo;1\/2&#8243;][\/vc_column][vc_column width=&raquo;1\/2&#8243;][\/vc_column][\/vc_row]<\/p>\n","protected":false},"author":13,"featured_media":32262,"parent":0,"menu_order":0,"comment_status":"closed","ping_status":"closed","template":"full-width.php","meta":{"inline_featured_image":false},"_links":{"self":[{"href":"https:\/\/www.ukrainianrefugees.no\/nb\/wp-json\/wp\/v2\/pages\/37585"}],"collection":[{"href":"https:\/\/www.ukrainianrefugees.no\/nb\/wp-json\/wp\/v2\/pages"}],"about":[{"href":"https:\/\/www.ukrainianrefugees.no\/nb\/wp-json\/wp\/v2\/types\/page"}],"author":[{"embeddable":true,"href":"https:\/\/www.ukrainianrefugees.no\/nb\/wp-json\/wp\/v2\/users\/13"}],"replies":[{"embeddable":true,"href":"https:\/\/www.ukrainianrefugees.no\/nb\/wp-json\/wp\/v2\/comments?post=37585"}],"version-history":[{"count":23,"href":"https:\/\/www.ukrainianrefugees.no\/nb\/wp-json\/wp\/v2\/pages\/37585\/revisions"}],"predecessor-version":[{"id":40397,"href":"https:\/\/www.ukrainianrefugees.no\/nb\/wp-json\/wp\/v2\/pages\/37585\/revisions\/40397"}],"wp:featuredmedia":[{"embeddable":true,"href":"https:\/\/www.ukrainianrefugees.no\/nb\/wp-json\/"}],"wp:attachment":[{"href":"https:\/\/www.ukrainianrefugees.no\/nb\/wp-json\/wp\/v2\/media?parent=37585"}],"curies":[{"name":"wp","href":"https:\/\/api.w.org\/{rel}","templated":true}]}}