{"id":37630,"date":"2022-03-15T16:59:27","date_gmt":"2022-03-15T15:59:27","guid":{"rendered":"https:\/\/www.ukrainianrefugees.no\/?page_id=37630"},"modified":"2023-12-25T01:15:01","modified_gmt":"2023-12-25T00:15:01","slug":"registrering-i-politidistriktene","status":"publish","type":"page","link":"https:\/\/www.ukrainianrefugees.no\/nb\/registrering-i-politidistriktene\/","title":{"rendered":"F\u00f8lgende steder kan ukrainere registrere seg i politidistriktene utenfor \u00d8stlandet"},"content":{"rendered":"<p>[vc_row row_content_width=&raquo;grid&raquo; css=&raquo;.vc_custom_1647252128308{padding-top: 60px !important;padding-bottom: 60px !important;}&raquo; el_class=&raquo;linkboks&raquo;][vc_column][vc_column_text]<\/p>\n<h4>Slik registrerer du deg hos politiet<\/h4>\n<ul>\n<li><span style=\"color: #000000;\">Fra 1. januar 2024 skal\u00a0alle ukrainske borgere som vil s\u00f8ke om beskyttelse i Norge, og som trenger et sted \u00e5 bo, registrere s\u00f8knaden sin ved\u00a0Nasjonalt ankomstsenter. Dette ligger i R\u00e5de kommune, omtrent 116 kilometer s\u00f8r for Oslo flyplass p\u00e5 Gardermoen.<\/span><\/li>\n<li><span style=\"color: #000000;\">Dersom du oppfyller kravene til \u00e5 f\u00e5 midlertidig kollektiv beskyttelse i Norge og allerede har et sted \u00e5 bo, kan du ogs\u00e5 registrere deg ved seks ulike registreringssteder rundt i Norge, i tillegg til p\u00e5\u00a0<a style=\"color: #000000;\" href=\"https:\/\/www.google.no\/maps\/place\/Nasjonalt+ankomstsenter+R%C3%A5de\/@59.357622,10.8378681,17z\/data=!3m1!4b1!4m6!3m5!1s0x4646ab1b1efd56eb:0x39588a797b28d652!8m2!3d59.357622!4d10.840443!16s%2Fg%2F11c2kdcsby?entry=ttu\">Nasjonalt ankomstsenter<\/a>.<\/span><br \/>\n<a href=\"https:\/\/www.politiet.no\/tjenester\/opphold-i-norge-og-asyl\/ukraina\/slik-soker-ukrainske-borgere-kollektiv-beskyttelse-i-norge\/\">Les mer her.<\/a><\/li>\n<\/ul>\n<p>[\/vc_column_text][vc_empty_space][\/vc_column][vc_column][\/vc_column][\/vc_row]<\/p>\n","protected":false},"excerpt":{"rendered":"<p>[vc_row row_content_width=&raquo;grid&raquo; css=&raquo;.vc_custom_1647252128308{padding-top: 60px !important;padding-bottom: 60px !important;}&raquo; el_class=&raquo;linkboks&raquo;][vc_column][vc_column_text] Slik registrerer du deg hos politiet Fra 1. januar 2024 skal\u00a0alle ukrainske borgere som vil s\u00f8ke om beskyttelse i Norge, og som trenger et sted \u00e5 bo, registrere s\u00f8knaden sin ved\u00a0Nasjonalt ankomstsenter. [&hellip;]<\/p>\n","protected":false},"author":13,"featured_media":32262,"parent":0,"menu_order":0,"comment_status":"closed","ping_status":"closed","template":"full-width.php","meta":{"inline_featured_image":false},"_links":{"self":[{"href":"https:\/\/www.ukrainianrefugees.no\/nb\/wp-json\/wp\/v2\/pages\/37630"}],"collection":[{"href":"https:\/\/www.ukrainianrefugees.no\/nb\/wp-json\/wp\/v2\/pages"}],"about":[{"href":"https:\/\/www.ukrainianrefugees.no\/nb\/wp-json\/wp\/v2\/types\/page"}],"author":[{"embeddable":true,"href":"https:\/\/www.ukrainianrefugees.no\/nb\/wp-json\/wp\/v2\/users\/13"}],"replies":[{"embeddable":true,"href":"https:\/\/www.ukrainianrefugees.no\/nb\/wp-json\/wp\/v2\/comments?post=37630"}],"version-history":[{"count":49,"href":"https:\/\/www.ukrainianrefugees.no\/nb\/wp-json\/wp\/v2\/pages\/37630\/revisions"}],"predecessor-version":[{"id":40454,"href":"https:\/\/www.ukrainianrefugees.no\/nb\/wp-json\/wp\/v2\/pages\/37630\/revisions\/40454"}],"wp:featuredmedia":[{"embeddable":true,"href":"https:\/\/www.ukrainianrefugees.no\/nb\/wp-json\/"}],"wp:attachment":[{"href":"https:\/\/www.ukrainianrefugees.no\/nb\/wp-json\/wp\/v2\/media?parent=37630"}],"curies":[{"name":"wp","href":"https:\/\/api.w.org\/{rel}","templated":true}]}}