{"id":37653,"date":"2022-03-15T17:52:28","date_gmt":"2022-03-15T16:52:28","guid":{"rendered":"https:\/\/www.ukrainianrefugees.no\/?page_id=37653"},"modified":"2023-01-31T14:39:29","modified_gmt":"2023-01-31T13:39:29","slug":"viktig-info","status":"publish","type":"page","link":"https:\/\/www.ukrainianrefugees.no\/nb\/viktig-info\/","title":{"rendered":"Viktig info"},"content":{"rendered":"<p>[vc_row row_content_width=&raquo;grid&raquo; css=&raquo;.vc_custom_1647252128308{padding-top: 60px !important;padding-bottom: 60px !important;}&raquo; el_class=&raquo;linkboks&raquo;][vc_column]<div class=\"eltdf-accordion-holder eltdf-ac-default  eltdf-toggle eltdf-ac-boxed  clearfix\">\n\t<h6 class=\"eltdf-accordion-title\">\n    <span class=\"eltdf-accordion-mark\">\n\t\t<span class=\"eltdf_icon_plus icon_plus\"><\/span>\n\t\t<span class=\"eltdf_icon_minus icon_minus-06\"><\/span>\n\t<\/span>\n\t<span class=\"eltdf-tab-title\">N\u00f8detaten<\/span>\n<\/h6>\n<div class=\"eltdf-accordion-content\">\n\t<div class=\"eltdf-accordion-content-inner\">\n\t\t[vc_column_text]<strong>Ambulanse<\/strong><br \/>\n113<br \/>\n<strong><br \/>\nPoliti<\/strong><br \/>\n112<br \/>\n<strong><br \/>\nBrannvesen<\/strong><br \/>\n110<br \/>\n<strong><br \/>\nLegevakt<\/strong><br \/>\n116117[\/vc_column_text]\t<\/div>\n<\/div><h6 class=\"eltdf-accordion-title\">\n    <span class=\"eltdf-accordion-mark\">\n\t\t<span class=\"eltdf_icon_plus icon_plus\"><\/span>\n\t\t<span class=\"eltdf_icon_minus icon_minus-06\"><\/span>\n\t<\/span>\n\t<span class=\"eltdf-tab-title\">Norske myndigheter<\/span>\n<\/h6>\n<div class=\"eltdf-accordion-content\">\n\t<div class=\"eltdf-accordion-content-inner\">\n\t\t[vc_column_text]<strong><a href=\"https:\/\/www.udi.no\/krisen-i-ukraina\/\">Utlendingsdirektoratet (UDI)<\/a><\/strong><br \/>\nUtlendingsdirektoratet (UDI) er den delen av staten som gjennomf\u00f8rer det som den norske regjeringen bestemmer ang\u00e5ende innvandrere i Norge, inkludert flyktninger. Blant annet behandler og avgj\u00f8r de s\u00f8knader om oppholdstillatelse, og gir informasjon til de som kommer til Norge.<br \/>\n22 44 33 99<br \/>\nudi@udi.no<\/p>\n<p><strong><a href=\"https:\/\/www.regjeringen.no\/no\/dep\/ud\/navigasjonssider\/ukraina_krise\/id2900993\/?from=01.01.2022&amp;to=31.12.2022&amp;topic=919\/1111&amp;term=\">Utenriksdepartementet<\/a><br \/>\n<\/strong>Siste nytt fra norske myndigheter om krigen mellom Ukraina og Russland.<\/p>\n<p><strong><a href=\"https:\/\/www.politiet.no\/tjenester\/opphold-i-norge-og-asyl\/krigen-i-ukraina\/?fbclid=IwAR1cp64RL9ofdP3Is85JBrNLp1uTF6dp6EB8gW8QWMSvgMCQnKEXZnzzGko\">Politiet<\/a><br \/>\n<\/strong>Det norske politiet har flere oppgaver knyttet til utlendingers opphold i Norge, blant annet registrering av nyankomne, kontroll av identitetsdokumenter, og mottak og behandling av s\u00f8knader.<br \/>\nSe liste over dine lokale politidistrikt <a href=\"https:\/\/www.ukrainianrefugees.no\/registrering-i-politidistriktene\/\">her.<\/a><\/p>\n<p><a href=\"https:\/\/www.imdi.no\/ukraina\/informasjon-til-kommunene-om-bosetting-av-ukrainske-flyktninger\/\"><strong>Integrerings- og mangfoldsdirektoratet (IMDI)<\/strong><\/a><br \/>\nIntegrerings- og mangfoldsdirektoratet (IMDI) har ansvaret for integreringen av innvandrere i det norske samfunnet. Dette inkluderer bosetting av flyktninger, og tiltak for \u00e5 f\u00e5 innvandrere til \u00e5 delta i arbeids- og samfunnsliv.[\/vc_column_text]\t<\/div>\n<\/div><h6 class=\"eltdf-accordion-title\">\n    <span class=\"eltdf-accordion-mark\">\n\t\t<span class=\"eltdf_icon_plus icon_plus\"><\/span>\n\t\t<span class=\"eltdf_icon_minus icon_minus-06\"><\/span>\n\t<\/span>\n\t<span class=\"eltdf-tab-title\">Trenger du noen \u00e5 snakke med?<\/span>\n<\/h6>\n<div class=\"eltdf-accordion-content\">\n\t<div class=\"eltdf-accordion-content-inner\">\n\t\t[vc_column_text]<strong><a href=\"https:\/\/mentalhelse.no\/fa-hjelp\/hjelpetelefonen\">Mental Helse<\/a><\/strong><br \/>\nMental Helses hjelpetelefon er en gratis og d\u00f8gn\u00e5pen telefontjeneste for alle som trenger noen \u00e5 snakke med. Du kan v\u00e6re anonym og de har taushetsplikt.<br \/>\n<a href=\"tel:116123\">116 123<\/a><br \/>\npost@mentalhelse.no<\/p>\n<p><strong><a href=\"https:\/\/www.kirkens-sos.no\/\">Kirken SOS<\/a><\/strong><br \/>\nKirken SOS kan fors\u00f8ke \u00e5 hjelpe deg med \u00e5 lindre smerten ved f\u00f8lelsesmessig og eksistensiell krise \u2013 og forebygge selvmord<br \/>\n<a href=\"tel:22400040\">22 40 00 40<\/a><\/p>\n<p><a href=\"https:\/\/korspaahalsen.rodekors.no\/\"><strong>Kors p\u00e5 halsen (For barn og unge opp til 18 \u00e5r)<\/strong><\/a><br \/>\nGratis, trygt og anonymt. Her kan du prate med eller skrive til voksne som er frivillige i R\u00f8de Kors. De h\u00f8rer p\u00e5 det du har \u00e5 si og hjelper deg om du vil. Du kan ogs\u00e5 snakke med andre p\u00e5 din egen alder p\u00e5 forumet.\u00a0<strong><br \/>\n<\/strong><a href=\"tel:80033321\">800 333 21<\/a><\/p>\n<p><strong><a href=\"https:\/\/www.rodekors.no\/tilbudene\/oppsporingstjenesten\/\">Oppsporingstjenesten<\/a><\/strong><br \/>\nR\u00f8de Kors arbeider for \u00e5 gjenopprette kontakten mellom mennesker som har mistet hverandre som f\u00f8lge av krig, konflikt, katastrofe eller migrasjon.<br \/>\n<a href=\"tel:22054000\">22 05 40 00<\/a><\/p>\n<p style=\"font-weight: 400;\"><a href=\"http:\/\/rosa-help.no\"><strong>Rosa<\/strong><\/a><br \/>\nHjelpetelefon for offer av menneskehandel som besvares p\u00e5 norsk og engelsk.<br \/>\n<a href=\"tel:+4722331160\">22331160<\/a><\/p>\n<div id=\"attachment_40005\" style=\"width: 160px\" class=\"wp-caption alignnone\"><img aria-describedby=\"caption-attachment-40005\" loading=\"lazy\" class=\" wp-image-40005\" src=\"https:\/\/www.ukrainianrefugees.no\/wp-content\/uploads\/2022\/06\/Skjermbilde-2022-06-13-kl.-14.35.55.png\" alt=\"\" width=\"150\" height=\"149\" srcset=\"https:\/\/www.ukrainianrefugees.no\/wp-content\/uploads\/2022\/06\/Skjermbilde-2022-06-13-kl.-14.35.55.png 338w, https:\/\/www.ukrainianrefugees.no\/wp-content\/uploads\/2022\/06\/Skjermbilde-2022-06-13-kl.-14.35.55-300x300.png 300w\" sizes=\"(max-width: 150px) 100vw, 150px\" \/><p id=\"caption-attachment-40005\" class=\"wp-caption-text\">F\u00e5 mer informasjon om hva du kan gj\u00f8re om du opplever vold, tvang eller press.<\/p><\/div>\n<p>[\/vc_column_text]\t<\/div>\n<\/div><h6 class=\"eltdf-accordion-title\">\n    <span class=\"eltdf-accordion-mark\">\n\t\t<span class=\"eltdf_icon_plus icon_plus\"><\/span>\n\t\t<span class=\"eltdf_icon_minus icon_minus-06\"><\/span>\n\t<\/span>\n\t<span class=\"eltdf-tab-title\">Jobb<\/span>\n<\/h6>\n<div class=\"eltdf-accordion-content\">\n\t<div class=\"eltdf-accordion-content-inner\">\n\t\t[vc_column_text]<strong><a href=\"https:\/\/www.finn.no\/\">Finn.no<\/a><br \/>\n<\/strong>Finn.no er en jobbportal hvor du finner fulltids-, deltids- og sommerjobber. Videre finnes det et eget omr\u00e5de med lederstillinger. Man kan ogs\u00e5 legge ut en CV i h\u00e5p om \u00e5 bli kontaktet av potensielle arbeidsgivere.<\/p>\n<p><strong><a href=\"https:\/\/www.adecco.no\/\">Adecco<\/a><br \/>\n<\/strong>Adecco er et av Norges ledende rekrutterings- og bemanningsselskap med kontorer over hele landet.<\/p>\n<p><strong><a href=\"https:\/\/www.manpower.no\/\">Manpower<\/a><\/strong><br \/>\nManpower har lokalkontorer over hele landet. De kan hjelpe deg med jobbrelaterte sp\u00f8rsm\u00e5l og karrieremuligheter.[\/vc_column_text]\t<\/div>\n<\/div><h6 class=\"eltdf-accordion-title\">\n    <span class=\"eltdf-accordion-mark\">\n\t\t<span class=\"eltdf_icon_plus icon_plus\"><\/span>\n\t\t<span class=\"eltdf_icon_minus icon_minus-06\"><\/span>\n\t<\/span>\n\t<span class=\"eltdf-tab-title\">Offentlige tjenester og tilbud<\/span>\n<\/h6>\n<div class=\"eltdf-accordion-content\">\n\t<div class=\"eltdf-accordion-content-inner\">\n\t\t[vc_column_text]<strong><a href=\"https:\/\/www.norge.no\/nb\/livssituasjon\/ny-i-norge Engelsk versjon: https:\/\/www.norge.no\/en\/life_situation\/new-norway\">Ny i Norge<\/a><\/strong><br \/>\nPortal med praktiske opplysninger for utlendinger.<\/p>\n<p><a href=\"https:\/\/www.imdi.no\/globalassets\/illustrasjoner\/ukraina\/information-about-norwegian-society-2022-eng-160522.pdf\"><strong>Velkommen til Norge<\/strong><\/a><br \/>\nNyttig informasjon om det norske samfunnet, av Integrering- og mangfoldsdirektoratet (IMDi)<\/p>\n<p><strong><a href=\"https:\/\/www.workinnorway.no\/no\/\">Work in Norway<\/a><\/strong><br \/>\nOffentlig nettside om det \u00e5 arbeide i Norge.<\/p>\n<p><strong><a href=\"https:\/\/www.studyinnorway.no\/\">Study in Norway<\/a><\/strong><br \/>\nOffentlig nettside om det \u00e5 ta utdanning i Norge.<\/p>\n<p><strong><a href=\"https:\/\/www.nrk.no\/ukrainsk\/ukrainsk-29.03.2022-1.15912676?fbclid=IwAR2IHrx6Mj1TC2mcn77mutAHHMkmyBd6t1-oWm9_Xl2FU3tVJljygN9qCpQ\">Nyheter p\u00e5 ukrainsk &#8211; NRKs Ny i Norge<\/a><br \/>\n<\/strong>Offentlig nettside med norske nyhetsreportasjer p\u00e5 ukrainsk.<strong><br \/>\n<\/strong>[\/vc_column_text]\t<\/div>\n<\/div><h6 class=\"eltdf-accordion-title\">\n    <span class=\"eltdf-accordion-mark\">\n\t\t<span class=\"eltdf_icon_plus icon_plus\"><\/span>\n\t\t<span class=\"eltdf_icon_minus icon_minus-06\"><\/span>\n\t<\/span>\n\t<span class=\"eltdf-tab-title\">Den Ukrainske Forening<\/span>\n<\/h6>\n<div class=\"eltdf-accordion-content\">\n\t<div class=\"eltdf-accordion-content-inner\">\n\t\t[vc_column_text]\u0413\u0440\u043e\u043c\u0430\u0434\u0441\u044c\u043a\u0435 \u0436\u0438\u0442\u0442\u044f \u0443\u043a\u0440\u0430\u0457\u043d\u0446\u0456\u0432 \u0432 \u041d\u043e\u0440\u0432\u0435\u0433\u0456\u0457. \u0411\u043b\u0430\u0433\u043e\u0434\u0456\u0439\u043d\u0456 \u0430\u043a\u0446\u0456\u0457, \u043a\u0443\u043b\u044c\u0442\u0443\u0440\u043d\u043e- \u043f\u0440\u043e\u0441\u0432\u0456\u0442\u043d\u0438\u0446\u044c\u043a\u0456 \u0437\u0430\u0445\u043e\u0434\u0438, \u043d\u0430\u0432\u0447\u0430\u043d\u043d\u044f \u0432 \u0443\u043a\u0440\u0430\u0457\u043d\u0441\u044c\u043a\u0456\u0439 \u0448\u043a\u043e\u043b\u0456.<\/p>\n<p><a href=\"https:\/\/www.facebook.com\/%D0%A3%D0%BA%D1%80%D0%B0%D1%97%D0%BD%D1%81%D1%8C%D0%BA%D0%B0-%D0%B3%D1%80%D0%BE%D0%BC%D0%B0%D0%B4%D0%B0-%D0%B2-%D0%9D%D0%BE%D1%80%D0%B2%D0%B5%D0%B3%D1%96%D1%97-Den-ukrainske-forening-i-Norge-622051001327055\/?ref=pages_you_manage\">Facebook<\/a><br \/>\n<a href=\"https:\/\/ukrainskno.wixsite.com\/start?fbclid=IwAR34UIwx63AXR_KdS6ctcZVgfxHBXxqGkU9oCyDV6kPmefe3ECTIrVT4ZM4\">Nettside<\/a><br \/>\n<a href=\"mailto:ukrainsk.no@gmail.com\">ukrainsk.no@gmail.com<\/a>[\/vc_column_text]\t<\/div>\n<\/div><h6 class=\"eltdf-accordion-title\">\n    <span class=\"eltdf-accordion-mark\">\n\t\t<span class=\"eltdf_icon_plus icon_plus\"><\/span>\n\t\t<span class=\"eltdf_icon_minus icon_minus-06\"><\/span>\n\t<\/span>\n\t<span class=\"eltdf-tab-title\">Kurs<\/span>\n<\/h6>\n<div class=\"eltdf-accordion-content\">\n\t<div class=\"eltdf-accordion-content-inner\">\n\t\t[vc_column_text]<a href=\"https:\/\/www.regjeringen.no\/no\/tema\/innvandring-og-integrering\/asd\/Verkemiddel-i-integreringsarbeidet\/introduksjonsprogram\/id2343472\/\"><strong>Introduksjonsprogram<\/strong><\/a><br \/>\nN\u00e5r du f\u00e5r innvilget\u00a0<span data-contrast=\"none\">kollektiv beskyttelse\u00a0<\/span><span data-contrast=\"none\">har du rett og plikt til \u00e5 delta p\u00e5 introduksjonsprogram, som blant annet omfatter oppl\u00e6ring i norsk og samfunnsfag.<\/span><span data-contrast=\"none\">\u00a0<\/span><span data-contrast=\"none\">Du m\u00e5 kontakte kommunen du blir bosatt i for \u00e5 f\u00e5 informasjon om <\/span><span data-contrast=\"none\">introduksjonsprogrammet<\/span><span data-ccp-charstyle=\"normaltextrun\">.<\/span><\/p>\n<p><span data-ccp-props=\"{&quot;134233117&quot;:true,&quot;134233118&quot;:true,&quot;201341983&quot;:0,&quot;335559740&quot;:240}\">Du finner\u00a0informasjon om introduksjonsprogrammet p\u00e5 engelsk, ukrainsk og russisk p\u00e5 <a href=\"https:\/\/www.imdi.no\/ukraina\/informasjon-pa-eget-sprak\/\">IMDi sine nettsider.<\/a><br \/>\n<\/span><a href=\"https:\/\/www.ukrainianrefugees.no\/flyktningtjenesten\">Flyktningstjenesten<\/a> i din kommune har ansvar for <a href=\"https:\/\/www.imdi.no\/globalassets\/dokumenter\/velkommet-til-introduksjonsprogrammet-20211\/imdi_introduksjonsbrosjyre_norsk.pdf\">Introduksjonsprogrammet<\/a>.<\/p>\n<p><strong><a href=\"https:\/\/www.facebook.com\/groups\/1042785906300988\/\">Norskkurs<\/a><br \/>\n<\/strong>I denne <a href=\"https:\/\/www.facebook.com\/groups\/1042785906300988\/\">Facebookgruppen<\/a> deler frivillige informasjon om l\u00e6ringsmateriell og verkt\u00f8y for \u00e5 l\u00e6re norsk i niv\u00e5 A1-A2 med morsm\u00e5lsst\u00f8tte.<strong><br \/>\n<\/strong><\/p>\n<p>Gratis norsk <a href=\"http:\/\/free Norwegian intensive courses\">intensivekurs fra Lenoo.no.<\/a>[\/vc_column_text]\t<\/div>\n<\/div><h6 class=\"eltdf-accordion-title\">\n    <span class=\"eltdf-accordion-mark\">\n\t\t<span class=\"eltdf_icon_plus icon_plus\"><\/span>\n\t\t<span class=\"eltdf_icon_minus icon_minus-06\"><\/span>\n\t<\/span>\n\t<span class=\"eltdf-tab-title\">Kj\u00e6ledyr<\/span>\n<\/h6>\n<div class=\"eltdf-accordion-content\">\n\t<div class=\"eltdf-accordion-content-inner\">\n\t\t[vc_column_text]<strong><a href=\"https:\/\/www.mattilsynet.no\/dyr_og_dyrehold\/reise_med_kjaledyr\/reise_med_og_innforsel_av_hund_katt_og_ilder_til_norge\/kjaeledyr_fra_ukraina__pets_from_ukraine.45982\">Mattilsynet<\/a>\u00a0<\/strong><br \/>\nHer finner du informasjon om hvilke regler som gjelder for flyktninger som kommer fra Ukraina til Norge med kj\u00e6ledyrene sine.<br \/>\n22 40 00 00<br \/>\npostmottak@mattilsynet.no[\/vc_column_text]\t<\/div>\n<\/div><\/div>[\/vc_column][\/vc_row]<\/p>\n","protected":false},"excerpt":{"rendered":"<p>[vc_row row_content_width=&raquo;grid&raquo; css=&raquo;.vc_custom_1647252128308{padding-top: 60px !important;padding-bottom: 60px !important;}&raquo; el_class=&raquo;linkboks&raquo;][vc_column][\/vc_column][\/vc_row]<\/p>\n","protected":false},"author":13,"featured_media":32262,"parent":0,"menu_order":0,"comment_status":"closed","ping_status":"closed","template":"full-width.php","meta":{"inline_featured_image":false},"_links":{"self":[{"href":"https:\/\/www.ukrainianrefugees.no\/nb\/wp-json\/wp\/v2\/pages\/37653"}],"collection":[{"href":"https:\/\/www.ukrainianrefugees.no\/nb\/wp-json\/wp\/v2\/pages"}],"about":[{"href":"https:\/\/www.ukrainianrefugees.no\/nb\/wp-json\/wp\/v2\/types\/page"}],"author":[{"embeddable":true,"href":"https:\/\/www.ukrainianrefugees.no\/nb\/wp-json\/wp\/v2\/users\/13"}],"replies":[{"embeddable":true,"href":"https:\/\/www.ukrainianrefugees.no\/nb\/wp-json\/wp\/v2\/comments?post=37653"}],"version-history":[{"count":22,"href":"https:\/\/www.ukrainianrefugees.no\/nb\/wp-json\/wp\/v2\/pages\/37653\/revisions"}],"predecessor-version":[{"id":40097,"href":"https:\/\/www.ukrainianrefugees.no\/nb\/wp-json\/wp\/v2\/pages\/37653\/revisions\/40097"}],"wp:featuredmedia":[{"embeddable":true,"href":"https:\/\/www.ukrainianrefugees.no\/nb\/wp-json\/"}],"wp:attachment":[{"href":"https:\/\/www.ukrainianrefugees.no\/nb\/wp-json\/wp\/v2\/media?parent=37653"}],"curies":[{"name":"wp","href":"https:\/\/api.w.org\/{rel}","templated":true}]}}