{"id":37787,"date":"2022-03-17T13:10:11","date_gmt":"2022-03-17T12:10:11","guid":{"rendered":"https:\/\/www.ukrainianrefugees.no\/?page_id=37787"},"modified":"2024-01-31T21:22:43","modified_gmt":"2024-01-31T20:22:43","slug":"hvis-jeg-har-et-sted-a-bo","status":"publish","type":"page","link":"https:\/\/www.ukrainianrefugees.no\/nb\/hvis-jeg-har-et-sted-a-bo\/","title":{"rendered":"Hvis jeg har et sted \u00e5 bo"},"content":{"rendered":"<p>[vc_row row_content_width=&raquo;grid&raquo; css=&raquo;.vc_custom_1647369140102{padding-top: 60px !important;padding-bottom: 60px !important;}&raquo;][vc_column width=&raquo;1\/3&#8243;]<div class=\"eltdf-accordion-holder eltdf-ac-default  eltdf-toggle eltdf-ac-boxed  clearfix\">\n\t<h6 class=\"eltdf-accordion-title\">\n    <span class=\"eltdf-accordion-mark\">\n\t\t<span class=\"eltdf_icon_plus icon_plus\"><\/span>\n\t\t<span class=\"eltdf_icon_minus icon_minus-06\"><\/span>\n\t<\/span>\n\t<span class=\"eltdf-tab-title\">Dette gj\u00f8r du ved ankomst i Norge<\/span>\n<\/h6>\n<div class=\"eltdf-accordion-content\">\n\t<div class=\"eltdf-accordion-content-inner\">\n\t\t[vc_column_text]Dersom du har funnet et sted \u00e5 bo privat i Norge som du betaler for selv og hvor du ogs\u00e5 kan bo etter at s\u00f8knaden er registrert, kan du velge \u00e5 registrere s\u00f8knaden din om beskyttelse p\u00e5 <a href=\"https:\/\/www.politiet.no\/om-politiet\/organisasjonen\/sarorganene\/politiets-utlendingsenhet\/nasjonalt-ankomstsenter-rade\/\">Nasjonalt ankomstsenter<\/a> eller ved <a href=\"https:\/\/www.politiet.no\/tjenester\/opphold-i-norge-og-asyl\/ukraina\/slik-soker-ukrainske-borgere-kollektiv-beskyttelse-i-norge\/\">politiets registreringssteder<\/a> i Kirkenes, Trondheim, Bergen, J\u00e6ren og Torp.[\/vc_column_text]\t<\/div>\n<\/div><h6 class=\"eltdf-accordion-title\">\n    <span class=\"eltdf-accordion-mark\">\n\t\t<span class=\"eltdf_icon_plus icon_plus\"><\/span>\n\t\t<span class=\"eltdf_icon_minus icon_minus-06\"><\/span>\n\t<\/span>\n\t<span class=\"eltdf-tab-title\">Hva skjer under registreringen?<\/span>\n<\/h6>\n<div class=\"eltdf-accordion-content\">\n\t<div class=\"eltdf-accordion-content-inner\">\n\t\t[vc_column_text]<\/p>\n<ul>\n<li>Registrering av fingeravtrykk og personalia<\/li>\n<li>Innlevering av ID-dokumenter<\/li>\n<li>Unders\u00f8kelse av bagasje, mobiltelefon mm.<\/li>\n<li>Intervju hos politiet, dersom det anses n\u00f8dvendig<\/li>\n<li>Helseunders\u00f8kelse<\/li>\n<\/ul>\n<p>P\u00e5 Nasjonalt Ankomstsenter gjennomf\u00f8res helseunders\u00f8kelsen som regel p\u00e5 stedet. Mens ved registrering andre steder i Norge vil den som oftest skje p\u00e5 et annet tidspunkt i egne lokaler. De som bor privat, f\u00e5r informasjon om unders\u00f8kelsen av den kommunale helsetjenesten.[\/vc_column_text]\t<\/div>\n<\/div><h6 class=\"eltdf-accordion-title\">\n    <span class=\"eltdf-accordion-mark\">\n\t\t<span class=\"eltdf_icon_plus icon_plus\"><\/span>\n\t\t<span class=\"eltdf_icon_minus icon_minus-06\"><\/span>\n\t<\/span>\n\t<span class=\"eltdf-tab-title\">Disse dokumentene m\u00e5 du ta med til registrering<\/span>\n<\/h6>\n<div class=\"eltdf-accordion-content\">\n\t<div class=\"eltdf-accordion-content-inner\">\n\t\t[vc_column_text]<\/p>\n<div>\n<ul>\n<li>Pass (biometrisk eller ikke biometrisk pass)<\/li>\n<li>Eventuelt utl\u00f8pt pass<\/li>\n<li>Nasjonalt ID-kort fra Ukraina<\/li>\n<li>F\u00f8dselsattest<\/li>\n<li>Vigselsattest og liknende for de som trenger \u00e5 dokumentere en familierelasjon<\/li>\n<li>Andre dokumenter som kan vise hvem du er<\/li>\n<\/ul>\n<\/div>\n<div>\n<p class=\"Standard\">De som ikke har noen av disse dokumentene, m\u00e5 registreres ved Nasjonalt ankomstsenter p\u00e5 R\u00e5de uansett hvor de befinner seg i landet. Hvis du ikke er ukrainsk borger, men har beskyttelse (asyl) i Ukraina, m\u00e5 du i tillegg vise dokumentasjon som bekrefter at du har status som flyktning der.<\/p>\n<\/div>\n<p>[\/vc_column_text]\t<\/div>\n<\/div><\/div>[vc_empty_space height=&raquo;12px&raquo;][\/vc_column][vc_column width=&raquo;1\/3&#8243;]<div class=\"eltdf-accordion-holder eltdf-ac-default  eltdf-toggle eltdf-ac-boxed  clearfix\">\n\t<h6 class=\"eltdf-accordion-title\">\n    <span class=\"eltdf-accordion-mark\">\n\t\t<span class=\"eltdf_icon_plus icon_plus\"><\/span>\n\t\t<span class=\"eltdf_icon_minus icon_minus-06\"><\/span>\n\t<\/span>\n\t<span class=\"eltdf-tab-title\">Hva skjer etter at jeg er registrert?<\/span>\n<\/h6>\n<div class=\"eltdf-accordion-content\">\n\t<div class=\"eltdf-accordion-content-inner\">\n\t\t[vc_column_text]<\/p>\n<ul>\n<li>Etter registreringen f\u00e5r du utlevert et identitetskort (asyls\u00f8kerbevis), som viser at du er registrert som asyls\u00f8ker i Norge. Hvis du ikke f\u00e5r dette ved registreringen, kan du kontakte politiet som vil sende det til deg i posten. P\u00e5 asyls\u00f8kerbeviset vil det v\u00e6re et s\u00e5kalt D-nummer, som er et midlertidig identitetsnummer, som du kan bruke til \u00e5 f\u00e5 banktjenester, fastlege, betale skatt og mer. Hvis det ikke er D-nummer p\u00e5 kortet, vil du f\u00e5 tilsendt et nytt fra politiet.<\/li>\n<li>P\u00e5 bakgrunn av opplysningene du gir under registrering og intervju, kan UDI fatte vedtak og gi oppholdstillatelse. Dersom UDI trenger mer informasjon om deg og din situasjon for \u00e5 fatte vedtak, kan de be deg om \u00e5 levere mer informasjon eller innkalle deg til et intervju.<\/li>\n<li>Politiet vil sende s\u00f8knaden<span data-ccp-charstyle=\"normaltextrun\">\u00a0din<\/span><span data-ccp-charstyle=\"normaltextrun\">\u00a0til UDI<\/span><span data-ccp-charstyle=\"normaltextrun\">, slik at de kan behandle den.<\/span>\u00a0<span data-ccp-charstyle=\"normaltextrun\">N\u00e5r UDI har behan<\/span><span data-ccp-charstyle=\"normaltextrun\">d<\/span><span data-ccp-charstyle=\"normaltextrun\">let\u00a0<\/span><span data-ccp-charstyle=\"normaltextrun\">s\u00f8knaden<\/span><span data-ccp-charstyle=\"normaltextrun\">,<\/span><span data-ccp-charstyle=\"normaltextrun\">\u00a0vil du\u00a0<\/span><span data-ccp-charstyle=\"normaltextrun\">f\u00e5\u00a0<\/span><span data-ccp-charstyle=\"normaltextrun\">beskjed om det<\/span><span data-ccp-charstyle=\"normaltextrun\">.\u00a0<\/span><span data-ccp-charstyle=\"normaltextrun\">Da f\u00e5r du et brev\u00a0<\/span><span data-ccp-charstyle=\"normaltextrun\">med<\/span><span data-ccp-charstyle=\"normaltextrun\">\u00a0informasjon om hvilke tillatelse du har f\u00e5tt, og hva som er dine rettigheter og plikter.<\/span><\/li>\n<li><span data-contrast=\"none\">Hvis du f\u00e5r ja p\u00e5 s\u00f8knaden din om kollektiv beskyttelse, vil du f\u00e5 et vedtak i posten med informasjon om oppholdstillatelsen du har f\u00e5tt. Du vil ogs\u00e5 f\u00e5 et brev p\u00e5 ukrainsk som forklarer rettighetene og pliktene dine. I brevet vil det v\u00e6re en QR<\/span><span data-contrast=\"none\">&#8211;<\/span><span data-contrast=\"none\">kode med lenke til film p\u00e5 ditt eget spr\u00e5k som forklarer rettighetene og pliktene dine.<\/span><span data-ccp-props=\"{&quot;134233117&quot;:true,&quot;134233118&quot;:true,&quot;201341983&quot;:0,&quot;335559738&quot;:120,&quot;335559739&quot;:120,&quot;335559740&quot;:240}\">\u00a0<\/span><\/li>\n<\/ul>\n<p>[\/vc_column_text]\t<\/div>\n<\/div><h6 class=\"eltdf-accordion-title\">\n    <span class=\"eltdf-accordion-mark\">\n\t\t<span class=\"eltdf_icon_plus icon_plus\"><\/span>\n\t\t<span class=\"eltdf_icon_minus icon_minus-06\"><\/span>\n\t<\/span>\n\t<span class=\"eltdf-tab-title\">Hvor lang tid tar det f\u00f8r jeg f\u00e5r svar?<\/span>\n<\/h6>\n<div class=\"eltdf-accordion-content\">\n\t<div class=\"eltdf-accordion-content-inner\">\n\t\t[vc_column_text]<\/p>\n<ul>\n<li>Det er vanskelig \u00e5 si n\u00f8yaktig hvor lenge du m\u00e5 vente f\u00f8r du f\u00e5r svar, men de fleste vil trolig f\u00e5 sakene behandlet i l\u00f8pet av f\u00e5 uker.<\/li>\n<li><span data-contrast=\"auto\">For at mange skal f\u00e5 raskt svar, blir noen av sakene behandlet automatisk av en robot, mens andre saker blir behandlet av saksbehandlere. Det gj\u00f8r at flere saker kan bli behandlet per dag. I noen tilfeller m\u00e5 UDI gj\u00f8re ekstra unders\u00f8kelser eller ha en samtale med deg. Da vil de ta kontakt med deg. <\/span><span data-ccp-props=\"{&quot;134233117&quot;:true,&quot;134233118&quot;:true,&quot;201341983&quot;:0,&quot;335559738&quot;:120,&quot;335559739&quot;:120,&quot;335559740&quot;:240}\">\u00a0<\/span><\/li>\n<li><span data-contrast=\"auto\">UDI behandler ikke alltid de eldste sakene f\u00f8rst, s\u00e5 du kan oppleve at noen som har s\u00f8kt etter deg f\u00e5r svar f\u00f8r deg.\u00a0<\/span><span data-ccp-props=\"{&quot;134233117&quot;:true,&quot;134233118&quot;:true,&quot;201341983&quot;:0,&quot;335559738&quot;:120,&quot;335559739&quot;:120,&quot;335559740&quot;:240}\">\u00a0<\/span><\/li>\n<\/ul>\n<p>[\/vc_column_text]\t<\/div>\n<\/div><\/div>[vc_empty_space height=&raquo;12px&raquo;][\/vc_column][vc_column width=&raquo;1\/3&#8243;]<div class=\"eltdf-accordion-holder eltdf-ac-default  eltdf-toggle eltdf-ac-boxed  clearfix\">\n\t<h6 class=\"eltdf-accordion-title\">\n    <span class=\"eltdf-accordion-mark\">\n\t\t<span class=\"eltdf_icon_plus icon_plus\"><\/span>\n\t\t<span class=\"eltdf_icon_minus icon_minus-06\"><\/span>\n\t<\/span>\n\t<span class=\"eltdf-tab-title\">N\u00e5r f\u00e5r jeg tilbake passene\/ID-dokumentene mine?<\/span>\n<\/h6>\n<div class=\"eltdf-accordion-content\">\n\t<div class=\"eltdf-accordion-content-inner\">\n\t\t[vc_column_text]<\/p>\n<div>\n<div class=\"\" dir=\"auto\">\n<div id=\"jsc_c_f\" class=\"ecm0bbzt hv4rvrfc ihqw7lf3 dati1w0a\" data-ad-comet-preview=\"message\" data-ad-preview=\"message\">\n<div class=\"j83agx80 cbu4d94t ew0dbk1b irj2b8pg\">\n<div class=\"qzhwtbm6 knvmm38d\">\n<div class=\"cxmmr5t8 oygrvhab hcukyx3x c1et5uql o9v6fnle ii04i59q\">\n<ul>\n<li dir=\"auto\">Etter registrering har politiet rett til \u00e5 beholde identitetspapirene inntil s\u00f8knaden er ferdigbehandlet (utstedes i papirutgave, som sendes i posten).<\/li>\n<li dir=\"auto\">Men mange registreringsplasser returnerer pass og andre dokumenter umiddelbart eller innen kort tid. Hvor lenge dokumenter tilbakeholdes er noe politiet vurderer etter deres skj\u00f8nn.<\/li>\n<li dir=\"auto\">Dokumentene vil bli sendt senest etter at ens vedtak om kollektiv beskyttelse er innvilget. I praksis vil dokumentene sendes: 1) som rekommandert brev til registreringsadressen eller 2) til den lokale politistasjonen, hvor det kan rekvireres.<\/li>\n<\/ul>\n<\/div>\n<\/div>\n<\/div>\n<\/div>\n<\/div>\n<div id=\"jsc_c_g\" class=\"l9j0dhe7\">\n<div class=\"l9j0dhe7\">\n<div class=\"bp9cbjyn cwj9ozl2 j83agx80 cbu4d94t ni8dbmo4 stjgntxs l9j0dhe7 k4urcfbm\">\n<div class=\"do00u71z ni8dbmo4 stjgntxs l9j0dhe7\">\n<div class=\"pmk7jnqg kr520xx4\"><\/div>\n<\/div>\n<\/div>\n<div class=\"linmgsc8 opwvks06 i09qtzwb n7fi1qx3 hzruof5a pmk7jnqg j9ispegn kr520xx4\"><\/div>\n<div class=\"n00je7tq arfg74bv qs9ysxi8 k77z8yql i09qtzwb n7fi1qx3 b5wmifdl hzruof5a pmk7jnqg j9ispegn kr520xx4 c5ndavph art1omkt ot9fgl3s\" data-visualcompletion=\"ignore\"><\/div>\n<\/div>\n<div class=\"stjgntxs ni8dbmo4\"><\/div>\n<\/div>\n<\/div>\n<div>\n<div class=\"stjgntxs ni8dbmo4 l82x9zwi uo3d90p7 h905i5nu monazrh9\" data-visualcompletion=\"ignore-dynamic\">\n<div>\n<div>\n<div>\n<div class=\"l9j0dhe7\">\n<div class=\"bp9cbjyn m9osqain j83agx80 jq4qci2q bkfpd7mw a3bd9o3v kvgmc6g5 wkznzc2l oygrvhab dhix69tm jktsbyx5 rz4wbd8a osnr6wyh a8nywdso s1tcr66n\">\n<div class=\"bp9cbjyn j83agx80 buofh1pr ni8dbmo4 stjgntxs\">\n<div class=\"oajrlxb2 gs1a9yip g5ia77u1 mtkw9kbi tlpljxtp qensuy8j ppp5ayq2 goun2846 ccm00jje s44p3ltw mk2mc5f4 rt8b4zig n8ej3o3l agehan2d sk4xxmp2 rq0escxv nhd2j8a9 mg4g778l pfnyh3mw p7hjln8o kvgmc6g5 cxmmr5t8 oygrvhab hcukyx3x tgvbjcpo hpfvmrgz jb3vyjys rz4wbd8a qt6c0cv9 a8nywdso l9j0dhe7 i1ao9s8h esuyzwwr f1sip0of du4w35lb n00je7tq arfg74bv qs9ysxi8 k77z8yql pq6dq46d btwxx1t3 abiwlrkh p8dawk7l lzcic4wl\" tabindex=\"0\" role=\"button\" aria-label=\"Liker: 13 personer\"><img class=\"j1lvzwm4\" role=\"presentation\" width=\"18\" height=\"18\" \/><\/div>\n<\/div>\n<\/div>\n<\/div>\n<\/div>\n<\/div>\n<\/div>\n<\/div>\n<\/div>\n<p>[\/vc_column_text]\t<\/div>\n<\/div><\/div>[\/vc_column][\/vc_row]<\/p>\n","protected":false},"excerpt":{"rendered":"<p>[vc_row row_content_width=&raquo;grid&raquo; css=&raquo;.vc_custom_1647369140102{padding-top: 60px !important;padding-bottom: 60px !important;}&raquo;][vc_column width=&raquo;1\/3&#8243;][vc_empty_space height=&raquo;12px&raquo;][\/vc_column][vc_column width=&raquo;1\/3&#8243;][vc_empty_space height=&raquo;12px&raquo;][\/vc_column][vc_column width=&raquo;1\/3&#8243;][\/vc_column][\/vc_row]<\/p>\n","protected":false},"author":13,"featured_media":32262,"parent":0,"menu_order":0,"comment_status":"closed","ping_status":"closed","template":"full-width.php","meta":{"inline_featured_image":false},"_links":{"self":[{"href":"https:\/\/www.ukrainianrefugees.no\/nb\/wp-json\/wp\/v2\/pages\/37787"}],"collection":[{"href":"https:\/\/www.ukrainianrefugees.no\/nb\/wp-json\/wp\/v2\/pages"}],"about":[{"href":"https:\/\/www.ukrainianrefugees.no\/nb\/wp-json\/wp\/v2\/types\/page"}],"author":[{"embeddable":true,"href":"https:\/\/www.ukrainianrefugees.no\/nb\/wp-json\/wp\/v2\/users\/13"}],"replies":[{"embeddable":true,"href":"https:\/\/www.ukrainianrefugees.no\/nb\/wp-json\/wp\/v2\/comments?post=37787"}],"version-history":[{"count":55,"href":"https:\/\/www.ukrainianrefugees.no\/nb\/wp-json\/wp\/v2\/pages\/37787\/revisions"}],"predecessor-version":[{"id":40464,"href":"https:\/\/www.ukrainianrefugees.no\/nb\/wp-json\/wp\/v2\/pages\/37787\/revisions\/40464"}],"wp:featuredmedia":[{"embeddable":true,"href":"https:\/\/www.ukrainianrefugees.no\/nb\/wp-json\/"}],"wp:attachment":[{"href":"https:\/\/www.ukrainianrefugees.no\/nb\/wp-json\/wp\/v2\/media?parent=37787"}],"curies":[{"name":"wp","href":"https:\/\/api.w.org\/{rel}","templated":true}]}}