{"id":38454,"date":"2022-03-21T10:21:39","date_gmt":"2022-03-21T09:21:39","guid":{"rendered":"https:\/\/www.ukrainianrefugees.no\/?page_id=38454"},"modified":"2022-03-21T14:28:43","modified_gmt":"2022-03-21T13:28:43","slug":"kjaeledyr-fra-ukraina-2","status":"publish","type":"page","link":"https:\/\/www.ukrainianrefugees.no\/nb\/kjaeledyr-fra-ukraina-2\/","title":{"rendered":"Kj\u00e6ledyr fra Ukraina"},"content":{"rendered":"<p>[vc_row][vc_column][vc_empty_space height=&raquo;62px&raquo;][vc_column_text css=&raquo;.vc_custom_1647854495253{margin-right: 500px !important;margin-left: 500px !important;}&raquo;]<strong>Inntil videre gjelder f\u00f8lgende for personer som har flyktet fra Ukraina med kj\u00e6ledyr (hund, katt og ilder):\u00a0<\/strong><\/p>\n<ul>\n<li>Mattilsynet m\u00e5 kontrollere alle kj\u00e6ledyr som kommer til Norge, for \u00e5 minimere risikoen for spredning av d\u00f8delige sykdommer, som\u00a0<a class=\"\" href=\"https:\/\/www.mattilsynet.no\/dyr_og_dyrehold\/dyrehelse\/dyresykdommer\/rabies\/\" data-filename=\"\">rabies<\/a>, til mennesker og andre dyr i Norge.<\/li>\n<li>Hvis det er mulig, skal ankomst med kj\u00e6ledyrdyr forh\u00e5ndsvarsles til Mattilsynet, slik at kontrollen kan gjennomf\u00f8res ved grensepassering.<\/li>\n<li>VIKTIG: Dersom kj\u00e6ledyrene ikke blir kontrollert ved grensepassering, m\u00e5 man umiddelbart ta kontakt med Mattilsynet p\u00e5 telefon 22 40 00 00 n\u00e5r man ankommer f\u00f8rste stopp i Norge. Da vil kontrollen bli gjennomf\u00f8rt, etter n\u00e6rmere avtale.<\/li>\n<li>Dersom hunder, katter eller ildere ikke er ID-merket p\u00e5 forh\u00e5nd, vil dette blir gjort av veterin\u00e6r i Norge.<\/li>\n<li>Hunder, katter og ildere fra Ukraina vil bli registrert i DyreID, slik at dyrene vil v\u00e6re s\u00f8kbare for veterin\u00e6rer og andre etater. DyreID har frivillig og for egen regning etablert SECUR som benyttes av Mattilsynet til denne registreringen. (System for Emergency Crisis for Ukrainian Refugees)<\/li>\n<li>Hunder, katter og ildere som ikke er vaksinert mot rabies ved ankomst, m\u00e5 holdes i karantene. I karantene vil de bli vaksinert mot rabies. Noen dyr kan ha blitt vaksinert ved ankomst til et annet EU-land. Uansett m\u00e5 det g\u00e5 30 dager etter vaksinasjonen f\u00f8r blodpr\u00f8ve for antistoff titerkontroll kan tas. Etter dato for blodpr\u00f8ven, og hvis resultatet er bra, m\u00e5 dyret i utgangspunktet v\u00e6re i karantene i ytterligere 3 m\u00e5neder. Andre alternativer kan vurderes s\u00e6rskilt.<\/li>\n<li>Dersom hunder, katter og ildere er ID-merket og rabiesvaksinert, men mangler rabies antistoff blodpr\u00f8ve, kan testen tas i Norge. Kj\u00e6ledyret m\u00e5 da v\u00e6re i karantene ved en karantenestasjon eller tilsvarende, inntil tilfredsstillende analysesvar foreligger. Deretter vil det bli gjort en individuell vurdering av muligheten for alternativ isolasjon p\u00e5 kjent adresse.<\/li>\n<li>Hvis hunder ikke er behandlet (av veterin\u00e6r) mot revens dvergbendelorm 1-5 dager f\u00f8r innreise til Norge, m\u00e5 de behandles snarest mulig etter innreise. All avf\u00f8ring m\u00e5 samles opp og kastes i restavfall i tiden f\u00f8r og minimum 5 dager etter behandlingen.<\/li>\n<li>Kj\u00e6ledyr av andre arter enn hund, katt og ilder m\u00e5 f\u00e5 gjennomf\u00f8rt en klinisk unders\u00f8kelse av en veterin\u00e6r i Norge.<\/li>\n<\/ul>\n<p>Mattilsynet jobber med ytterligere endringer. F\u00f8lg med p\u00e5 oppdateringer p\u00e5 denne siden.<\/p>\n<p>Flyktninger fra Ukraina med kj\u00e6ledyr, vil ikke bli belastet \u00f8konomisk for behandling, pr\u00f8vetaking og eventuell karantene.<\/p>\n<p>Disse unntakene gjelder kun for flyktninger fra Ukraina som reiser sammen med kj\u00e6ledyrene sine. Unntakene gjelder ikke gatehunder, hunder fra \u00abshelter\u00bb og lignende. Annen transport av kj\u00e6ledyr m\u00e5 f\u00f8lge vanlig regelverk:<\/p>\n<ul>\n<li><a href=\"https:\/\/www.mattilsynet.no\/dyr_og_dyrehold\/reise_med_kjaledyr\/reise_med_og_innforsel_av_hund_katt_og_ilder_til_norge\/\">Reise med og innf\u00f8rsel av hund, katt og ilder til Norge<\/a><\/li>\n<li><a class=\"\" href=\"https:\/\/www.mattilsynet.no\/dyr_og_dyrehold\/reise_med_kjaledyr\/burfugl_gnagere_kanin_til_Norge\/\" data-filename=\"\">Reise med fugler, gnagere og kaniner til Norge<\/a><\/li>\n<li><a class=\"\" href=\"https:\/\/www.mattilsynet.no\/dyr_og_dyrehold\/reise_med_kjaledyr\/eksotiske_dyr_til_Norge\/\" data-filename=\"\">Reise med reptiler og andre eksotiske kj\u00e6ledyr til Norge<\/a><\/li>\n<\/ul>\n<p>Hvis du har sp\u00f8rsm\u00e5l:\u00a0<a href=\"https:\/\/www.mattilsynet.no\/om_mattilsynet\/kontakt_oss\/\">Kontakt oss<\/a><\/p>\n<p><a class=\"mimeType_PDF\" href=\"https:\/\/www.mattilsynet.no\/dyr_og_dyrehold\/reise_med_kjaledyr\/reise_med_og_innforsel_av_hund_katt_og_ilder_til_norge\/veileder_til_privatpraktiserende_veterinaerer_1003202246pdf.46067\/binary\/Veileder%20til%20privatpraktiserende%20veterin%C3%A6rer%2010032022%5B46%5D.pdf\" data-filename=\"Veileder til privatpraktiserende veterin\u00e6rer 10032022[46].pdf\">Veileder til privatpraktiserende veterin\u00e6rer om kj\u00e6ledyr fra Ukraina<\/a>[\/vc_column_text][\/vc_column][vc_column][vc_empty_space height=&raquo;62px&raquo;][\/vc_column][\/vc_row]<\/p>\n","protected":false},"excerpt":{"rendered":"<p>[vc_row][vc_column][vc_empty_space height=&raquo;62px&raquo;][vc_column_text css=&raquo;.vc_custom_1647854495253{margin-right: 500px !important;margin-left: 500px !important;}&raquo;]Inntil videre gjelder f\u00f8lgende for personer som har flyktet fra Ukraina med kj\u00e6ledyr (hund, katt og ilder):\u00a0 Mattilsynet m\u00e5 kontrollere alle kj\u00e6ledyr som kommer til Norge, for \u00e5 minimere risikoen for spredning av d\u00f8delige [&hellip;]<\/p>\n","protected":false},"author":13,"featured_media":32262,"parent":0,"menu_order":0,"comment_status":"closed","ping_status":"closed","template":"full-width.php","meta":{"inline_featured_image":false},"_links":{"self":[{"href":"https:\/\/www.ukrainianrefugees.no\/nb\/wp-json\/wp\/v2\/pages\/38454"}],"collection":[{"href":"https:\/\/www.ukrainianrefugees.no\/nb\/wp-json\/wp\/v2\/pages"}],"about":[{"href":"https:\/\/www.ukrainianrefugees.no\/nb\/wp-json\/wp\/v2\/types\/page"}],"author":[{"embeddable":true,"href":"https:\/\/www.ukrainianrefugees.no\/nb\/wp-json\/wp\/v2\/users\/13"}],"replies":[{"embeddable":true,"href":"https:\/\/www.ukrainianrefugees.no\/nb\/wp-json\/wp\/v2\/comments?post=38454"}],"version-history":[{"count":1,"href":"https:\/\/www.ukrainianrefugees.no\/nb\/wp-json\/wp\/v2\/pages\/38454\/revisions"}],"predecessor-version":[{"id":38456,"href":"https:\/\/www.ukrainianrefugees.no\/nb\/wp-json\/wp\/v2\/pages\/38454\/revisions\/38456"}],"wp:featuredmedia":[{"embeddable":true,"href":"https:\/\/www.ukrainianrefugees.no\/nb\/wp-json\/"}],"wp:attachment":[{"href":"https:\/\/www.ukrainianrefugees.no\/nb\/wp-json\/wp\/v2\/media?parent=38454"}],"curies":[{"name":"wp","href":"https:\/\/api.w.org\/{rel}","templated":true}]}}