{"id":38514,"date":"2022-03-18T13:11:47","date_gmt":"2022-03-18T12:11:47","guid":{"rendered":"https:\/\/www.ukrainianrefugees.no\/noas\/"},"modified":"2023-12-25T17:12:04","modified_gmt":"2023-12-25T16:12:04","slug":"noas","status":"publish","type":"page","link":"https:\/\/www.ukrainianrefugees.no\/nb\/noas\/","title":{"rendered":"NOAS"},"content":{"rendered":"<p>[vc_row css=&raquo;.vc_custom_1647644603600{border-right-width: 30px !important;border-left-width: 30px !important;}&raquo;][vc_column width=&raquo;1\/4&#8243;][\/vc_column][vc_column width=&raquo;5\/12&#8243;][vc_column_text css=&raquo;.vc_custom_1703520721617{border-right-width: 30px !important;border-left-width: 30px !important;padding-right: 30px !important;padding-left: 30px !important;}&raquo;]<\/p>\n<div class=\"kvgmc6g5 cxmmr5t8 oygrvhab hcukyx3x c1et5uql ii04i59q\">\n<p>Denne siden er drevet av <a style=\"font-family: Arial, sans-serif; font-size: 15px; font-weight: 300;\" href=\"https:\/\/www.noas.no\"><span class=\"nc684nl6\">NOAS (Norsk organisasjon for asyls\u00f8kere)<\/span><\/a> som\u00a0arbeider for \u00e5 styrke flyktninger og asyls\u00f8keres rettssikkerhet.<\/p>\n<p>Her vil vi holde deg oppdatert p\u00e5 viktige beskjeder fra myndighetene, og endringer i reglene for oppholdstillatelse i Norge.<\/p>\n<p>Vi gir asyls\u00f8kere informasjon, veiledning og juridisk bistand. Du kan <a href=\"tel:22365660\">ringe oss<\/a>, <a href=\"mailto:ukraina@noas.org\">sende epost<\/a> eller komme innom kontoret v\u00e5rt i Torggata i Oslo dersom du har sp\u00f8rsm\u00e5l om:<\/p>\n<div class=\"cxmmr5t8 oygrvhab hcukyx3x c1et5uql o9v6fnle ii04i59q\">\n<p dir=\"auto\">\u2022 Asylprosessen<\/p>\n<p dir=\"auto\">\u2022 Gjenforening med familiemedlemmer i Ukraina<\/p>\n<p dir=\"auto\">\u2022 Dine rettigheter og plikter som asyls\u00f8ker i Norge<\/p>\n<\/div>\n<\/div>\n<p>[\/vc_column_text][vc_empty_space][\/vc_column][vc_column width=&raquo;1\/4&#8243;][\/vc_column][\/vc_row][vc_row simple_background_color=&raquo;#f3f3f2&#8243;][vc_column][vc_row_inner row_content_width=&raquo;grid&raquo; css=&raquo;.vc_custom_1638107190359{padding-top: 50px !important;}&raquo; el_class=&raquo;ikoner&raquo;][vc_column_inner width=&raquo;1\/4&#8243; offset=&raquo;vc_col-xs-6&#8243;][vc_single_image image=&raquo;32326&#8243; img_size=&raquo;full&raquo;][vc_column_text]<\/p>\n<h4>Telefon:<\/h4>\n<p><a href=\"tel:+4722365660\">+47 22 36 56 60<\/a><\/p>\n<p>[\/vc_column_text][vc_empty_space height=&raquo;62px&raquo;][\/vc_column_inner][vc_column_inner width=&raquo;1\/4&#8243; offset=&raquo;vc_col-xs-6&#8243;][vc_single_image image=&raquo;32327&#8243; img_size=&raquo;full&raquo;][vc_column_text]<\/p>\n<h4>Epost:<\/h4>\n<p>ukraina@noas.org<\/p>\n<p>Send en sikker (kryptert) epost <a href=\"https:\/\/securemail.noas.org\/post@noas.org\">her.<\/a>[\/vc_column_text][vc_empty_space height=&raquo;62px&raquo;][\/vc_column_inner][vc_column_inner width=&raquo;1\/4&#8243; offset=&raquo;vc_col-xs-6&#8243;][vc_single_image image=&raquo;32325&#8243; img_size=&raquo;full&raquo;][vc_column_text]<\/p>\n<h4>Adresse:<\/h4>\n<p>Torggata 22,<br \/>\n0183 Oslo[\/vc_column_text][vc_empty_space height=&raquo;62px&raquo;][\/vc_column_inner][vc_column_inner width=&raquo;1\/4&#8243; offset=&raquo;vc_col-xs-6&#8243;][vc_single_image image=&raquo;32324&#8243; img_size=&raquo;full&raquo;][vc_column_text]<\/p>\n<h4>\u00c5pningstider<\/h4>\n<p>Se v\u00e5re \u00e5pningstider <a href=\"https:\/\/www.noas.no\/om\/kontakt\/\">her<\/a>[\/vc_column_text][vc_empty_space][\/vc_column_inner][\/vc_row_inner][\/vc_column][\/vc_row]<\/p>\n","protected":false},"excerpt":{"rendered":"<p>[vc_row css=&raquo;.vc_custom_1647644603600{border-right-width: 30px !important;border-left-width: 30px !important;}&raquo;][vc_column width=&raquo;1\/4&#8243;][\/vc_column][vc_column width=&raquo;5\/12&#8243;][vc_column_text css=&raquo;.vc_custom_1703520721617{border-right-width: 30px !important;border-left-width: 30px !important;padding-right: 30px !important;padding-left: 30px !important;}&raquo;] Denne siden er drevet av NOAS (Norsk organisasjon for asyls\u00f8kere) som\u00a0arbeider for \u00e5 styrke flyktninger og asyls\u00f8keres rettssikkerhet. Her vil vi holde deg [&hellip;]<\/p>\n","protected":false},"author":13,"featured_media":0,"parent":0,"menu_order":0,"comment_status":"closed","ping_status":"closed","template":"full-width.php","meta":{"inline_featured_image":false},"_links":{"self":[{"href":"https:\/\/www.ukrainianrefugees.no\/nb\/wp-json\/wp\/v2\/pages\/38514"}],"collection":[{"href":"https:\/\/www.ukrainianrefugees.no\/nb\/wp-json\/wp\/v2\/pages"}],"about":[{"href":"https:\/\/www.ukrainianrefugees.no\/nb\/wp-json\/wp\/v2\/types\/page"}],"author":[{"embeddable":true,"href":"https:\/\/www.ukrainianrefugees.no\/nb\/wp-json\/wp\/v2\/users\/13"}],"replies":[{"embeddable":true,"href":"https:\/\/www.ukrainianrefugees.no\/nb\/wp-json\/wp\/v2\/comments?post=38514"}],"version-history":[{"count":10,"href":"https:\/\/www.ukrainianrefugees.no\/nb\/wp-json\/wp\/v2\/pages\/38514\/revisions"}],"predecessor-version":[{"id":40460,"href":"https:\/\/www.ukrainianrefugees.no\/nb\/wp-json\/wp\/v2\/pages\/38514\/revisions\/40460"}],"wp:attachment":[{"href":"https:\/\/www.ukrainianrefugees.no\/nb\/wp-json\/wp\/v2\/media?parent=38514"}],"curies":[{"name":"wp","href":"https:\/\/api.w.org\/{rel}","templated":true}]}}