{"id":38520,"date":"2022-03-21T15:10:05","date_gmt":"2022-03-21T14:10:05","guid":{"rendered":"https:\/\/www.ukrainianrefugees.no\/?page_id=38520"},"modified":"2023-12-23T22:29:30","modified_gmt":"2023-12-23T21:29:30","slug":"kjaeledyr","status":"publish","type":"page","link":"https:\/\/www.ukrainianrefugees.no\/nb\/kjaeledyr\/","title":{"rendered":"Reise med kj\u00e6ledyr fra Ukraina"},"content":{"rendered":"<p>[vc_row row_content_width=&raquo;grid&raquo; css=&raquo;.vc_custom_1647369140102{padding-top: 60px !important;padding-bottom: 60px !important;}&raquo;][vc_column width=&raquo;1\/3&#8243;]<div class=\"eltdf-accordion-holder eltdf-ac-default  eltdf-toggle eltdf-ac-boxed  clearfix\">\n\t<h6 class=\"eltdf-accordion-title\">\n    <span class=\"eltdf-accordion-mark\">\n\t\t<span class=\"eltdf_icon_plus icon_plus\"><\/span>\n\t\t<span class=\"eltdf_icon_minus icon_minus-06\"><\/span>\n\t<\/span>\n\t<span class=\"eltdf-tab-title\">Dette skjer ved ankomst til Norge med kj\u00e6ledyr<\/span>\n<\/h6>\n<div class=\"eltdf-accordion-content\">\n\t<div class=\"eltdf-accordion-content-inner\">\n\t\t[vc_column_text]<\/p>\n<ul>\n<li>Mattilsynet kontrollerer alle kj\u00e6ledyr som kommer til Norge for \u00e5 minimere risikoen for spredning av d\u00f8delige sykdommer som <a class=\"\" href=\"https:\/\/www.mattilsynet.no\/dyr_og_dyrehold\/dyrehelse\/dyresykdommer\/rabies\/\" data-filename=\"\">rabies.\u00a0<\/a><\/li>\n<li>Hvis det er mulig, skal ankomst med kj\u00e6ledyrdyr forh\u00e5ndsvarsles til Mattilsynet, slik at kontrollen kan gjennomf\u00f8res ved grensepassering.<\/li>\n<li>VIKTIG: Dersom kj\u00e6ledyrene ikke blir kontrollert ved grensepassering, m\u00e5 man umiddelbart ta kontakt med Mattilsynet p\u00e5 telefon <a href=\"tel:22400000\">22 40 00 00<\/a> n\u00e5r man ankommer f\u00f8rste stopp i Norge. Da vil kontrollen bli gjennomf\u00f8rt etter n\u00e6rmere avtale.<\/li>\n<li>Konsekvensen for dyrene av \u00e5 ikke oppfylle dyrehelsekravene i regelverket ved ankomst til Norge vil v\u00e6re kostbart opphold i karantenestasjon, direkte retur til avsenderlandet eller avliving.<\/li>\n<\/ul>\n<p>[\/vc_column_text]\t<\/div>\n<\/div><\/div>[vc_empty_space height=&raquo;12px&raquo;][\/vc_column][vc_column width=&raquo;1\/3&#8243;]<div class=\"eltdf-accordion-holder eltdf-ac-default  eltdf-toggle eltdf-ac-boxed  clearfix\">\n\t<h6 class=\"eltdf-accordion-title\">\n    <span class=\"eltdf-accordion-mark\">\n\t\t<span class=\"eltdf_icon_plus icon_plus\"><\/span>\n\t\t<span class=\"eltdf_icon_minus icon_minus-06\"><\/span>\n\t<\/span>\n\t<span class=\"eltdf-tab-title\">Hva skjer etter at kj\u00e6ledyret mitt er registrert?<\/span>\n<\/h6>\n<div class=\"eltdf-accordion-content\">\n\t<div class=\"eltdf-accordion-content-inner\">\n\t\t[vc_column_text]<\/p>\n<ul>\n<li>Etter registrering og vaksinasjon, m\u00e5 kj\u00e6ledyret v\u00e6re i karantene ved en karantenestasjon eller tilsvarende inntil tilfredsstillende analysesvar foreligger.<\/li>\n<\/ul>\n<div><\/div>\n<p>[\/vc_column_text]\t<\/div>\n<\/div><h6 class=\"eltdf-accordion-title\">\n    <span class=\"eltdf-accordion-mark\">\n\t\t<span class=\"eltdf_icon_plus icon_plus\"><\/span>\n\t\t<span class=\"eltdf_icon_minus icon_minus-06\"><\/span>\n\t<\/span>\n\t<span class=\"eltdf-tab-title\">Hvor lang tid tar prosessen?<\/span>\n<\/h6>\n<div class=\"eltdf-accordion-content\">\n\t<div class=\"eltdf-accordion-content-inner\">\n\t\t[vc_column_text]Hele prosessen tar minimum fire m\u00e5neder. Men det vil bli gjort en individuell vurdering av muligheten for alternativ isolasjon p\u00e5 kjent adresse. F\u00f8lg med p\u00e5 oppdateringer p\u00e5 <a href=\"https:\/\/www.mattilsynet.no\/dyr\/kjaeledyr\/reise-med-kjaeledyr\/kjaeledyr-fra-ukraina\/informasjon-til-flyktninger-som-reiser-med-kjaeledyr-fra-ukraina\">Mattilsynets sider.<\/a>[\/vc_column_text]\t<\/div>\n<\/div><\/div>[vc_empty_space height=&raquo;12px&raquo;][\/vc_column][vc_column width=&raquo;1\/3&#8243;]<div class=\"eltdf-accordion-holder eltdf-ac-default  eltdf-toggle eltdf-ac-boxed  clearfix\">\n\t<h6 class=\"eltdf-accordion-title\">\n    <span class=\"eltdf-accordion-mark\">\n\t\t<span class=\"eltdf_icon_plus icon_plus\"><\/span>\n\t\t<span class=\"eltdf_icon_minus icon_minus-06\"><\/span>\n\t<\/span>\n\t<span class=\"eltdf-tab-title\">N\u00e5r kan jeg f\u00e5 se kj\u00e6ledyret mitt?<\/span>\n<\/h6>\n<div class=\"eltdf-accordion-content\">\n\t<div class=\"eltdf-accordion-content-inner\">\n\t\t[vc_column_text]Alle karantenestasjoner kan dessverre ikke ta imot bes\u00f8k. Flyktningene kan enten sp\u00f8rre Mattilsynet om det er mulig, eller ta kontakt med karantenestasjonen. Hvor ofte det er mulig \u00e5 f\u00e5 se kj\u00e6ledyret ditt, kommer an p\u00e5 hvilken karantenestasjon kj\u00e6ledyret ditt er plassert.[\/vc_column_text]\t<\/div>\n<\/div><h6 class=\"eltdf-accordion-title\">\n    <span class=\"eltdf-accordion-mark\">\n\t\t<span class=\"eltdf_icon_plus icon_plus\"><\/span>\n\t\t<span class=\"eltdf_icon_minus icon_minus-06\"><\/span>\n\t<\/span>\n\t<span class=\"eltdf-tab-title\">Kan kj\u00e6ledyret mitt bo med meg p\u00e5 mottak?<\/span>\n<\/h6>\n<div class=\"eltdf-accordion-content\">\n\t<div class=\"eltdf-accordion-content-inner\">\n\t\t[vc_column_text]<\/p>\n<div>\n<p>Noen mottak tillater at du har med kj\u00e6ledyret om det er registrert av Mattilsynet og har v\u00e6rt gjennom karantene. Du er selv ansvarlig for a\u030a ta vare pa\u030a dyrene na\u030ar du bor i mottak. Det betyr at du selv ma\u030a finne l\u00f8sninger ved permisjon, frav\u00e6r og andre reiser, og at du er \u00f8konomisk ansvarlig for dyret ditt.<\/p>\n<\/div>\n<p>[\/vc_column_text]\t<\/div>\n<\/div><\/div>[\/vc_column][\/vc_row][vc_row][vc_column][vc_empty_space height=&raquo;10&#8243;][\/vc_column][\/vc_row]<\/p>\n","protected":false},"excerpt":{"rendered":"<p>[vc_row row_content_width=&raquo;grid&raquo; css=&raquo;.vc_custom_1647369140102{padding-top: 60px !important;padding-bottom: 60px !important;}&raquo;][vc_column width=&raquo;1\/3&#8243;][vc_empty_space height=&raquo;12px&raquo;][\/vc_column][vc_column width=&raquo;1\/3&#8243;][vc_empty_space height=&raquo;12px&raquo;][\/vc_column][vc_column width=&raquo;1\/3&#8243;][\/vc_column][\/vc_row][vc_row][vc_column][vc_empty_space height=&raquo;10&#8243;][\/vc_column][\/vc_row]<\/p>\n","protected":false},"author":13,"featured_media":39847,"parent":0,"menu_order":0,"comment_status":"closed","ping_status":"closed","template":"full-width.php","meta":{"inline_featured_image":false},"_links":{"self":[{"href":"https:\/\/www.ukrainianrefugees.no\/nb\/wp-json\/wp\/v2\/pages\/38520"}],"collection":[{"href":"https:\/\/www.ukrainianrefugees.no\/nb\/wp-json\/wp\/v2\/pages"}],"about":[{"href":"https:\/\/www.ukrainianrefugees.no\/nb\/wp-json\/wp\/v2\/types\/page"}],"author":[{"embeddable":true,"href":"https:\/\/www.ukrainianrefugees.no\/nb\/wp-json\/wp\/v2\/users\/13"}],"replies":[{"embeddable":true,"href":"https:\/\/www.ukrainianrefugees.no\/nb\/wp-json\/wp\/v2\/comments?post=38520"}],"version-history":[{"count":20,"href":"https:\/\/www.ukrainianrefugees.no\/nb\/wp-json\/wp\/v2\/pages\/38520\/revisions"}],"predecessor-version":[{"id":40418,"href":"https:\/\/www.ukrainianrefugees.no\/nb\/wp-json\/wp\/v2\/pages\/38520\/revisions\/40418"}],"wp:featuredmedia":[{"embeddable":true,"href":"https:\/\/www.ukrainianrefugees.no\/nb\/wp-json\/wp\/v2\/media\/39847"}],"wp:attachment":[{"href":"https:\/\/www.ukrainianrefugees.no\/nb\/wp-json\/wp\/v2\/media?parent=38520"}],"curies":[{"name":"wp","href":"https:\/\/api.w.org\/{rel}","templated":true}]}}