{"id":39219,"date":"2022-04-22T13:30:52","date_gmt":"2022-04-22T11:30:52","guid":{"rendered":"https:\/\/www.ukrainianrefugees.no\/?page_id=39219"},"modified":"2023-12-23T21:15:28","modified_gmt":"2023-12-23T20:15:28","slug":"kollektiv-beskyttelse","status":"publish","type":"page","link":"https:\/\/www.ukrainianrefugees.no\/nb\/kollektiv-beskyttelse\/","title":{"rendered":"Kollektiv beskyttelse"},"content":{"rendered":"<p>[vc_row row_content_width=&raquo;grid&raquo; css=&raquo;.vc_custom_1647369375263{padding-top: 60px !important;padding-bottom: 60px !important;}&raquo;][vc_column width=&raquo;1\/3&#8243;]<div class=\"eltdf-accordion-holder eltdf-ac-default  eltdf-toggle eltdf-ac-boxed  clearfix\">\n\t<h6 class=\"eltdf-accordion-title\">\n    <span class=\"eltdf-accordion-mark\">\n\t\t<span class=\"eltdf_icon_plus icon_plus\"><\/span>\n\t\t<span class=\"eltdf_icon_minus icon_minus-06\"><\/span>\n\t<\/span>\n\t<span class=\"eltdf-tab-title\">Hva er kollektiv beskyttelse?<\/span>\n<\/h6>\n<div class=\"eltdf-accordion-content\">\n\t<div class=\"eltdf-accordion-content-inner\">\n\t\t[vc_column_text]Kollektiv beskyttelse gis i tilfeller hvor det kommer mange flyktninger fra samme land samtidig, og en anser at alle har behov for beskyttelse. Det er situasjonen for ukrainerne som kommer til Norge n\u00e5.\u00a0Dette betyr at du som er ukrainer vil f\u00e5 en oppholdstillatelse uten at norske myndigheter gj\u00f8r en grundig individuell vurdering av ditt beskyttelsesbehov.[\/vc_column_text]\t<\/div>\n<\/div><h6 class=\"eltdf-accordion-title\">\n    <span class=\"eltdf-accordion-mark\">\n\t\t<span class=\"eltdf_icon_plus icon_plus\"><\/span>\n\t\t<span class=\"eltdf_icon_minus icon_minus-06\"><\/span>\n\t<\/span>\n\t<span class=\"eltdf-tab-title\">Hva gir deg rett til beskyttelse?<\/span>\n<\/h6>\n<div class=\"eltdf-accordion-content\">\n\t<div class=\"eltdf-accordion-content-inner\">\n\t\t[vc_column_text]<\/p>\n<ul>\n<li>Du har rett til beskyttelse hvis det er farlig for deg \u00e5 reise hjem, og du ikke har oppholdstillatelse i andre, trygge land.<\/li>\n<li>Det er bestemt at det skal gis kollektiv beskyttelse til ukrainske statsborgere som oppfyller kravene til det. Les om kravene <a href=\"https:\/\/www.udi.no\/informasjon-ukraina-russland\/krisen-i-ukraina\/vare-i-norge\/beskyttelse-i-norge\/skal-soke-rettigheter-og-plikter\/#link-30164:~:text=beskyttelse%20hvis%20du*%3A-,er%20ukrainsk%20statsborger,-og%20var%20bosatt\">her<\/a>.<\/li>\n<li>Personer fra andre land som hadde opphold som flyktning i Ukraina, og deres familiemedlemmer, vil ogs\u00e5 omfattes av kollektiv beskyttelse.<\/li>\n<\/ul>\n<p>[\/vc_column_text]\t<\/div>\n<\/div><\/div>[vc_empty_space height=&raquo;12px&raquo;][\/vc_column][vc_column width=&raquo;1\/3&#8243;]<div class=\"eltdf-accordion-holder eltdf-ac-default  eltdf-toggle eltdf-ac-boxed  clearfix\">\n\t<h6 class=\"eltdf-accordion-title\">\n    <span class=\"eltdf-accordion-mark\">\n\t\t<span class=\"eltdf_icon_plus icon_plus\"><\/span>\n\t\t<span class=\"eltdf_icon_minus icon_minus-06\"><\/span>\n\t<\/span>\n\t<span class=\"eltdf-tab-title\">Hvem kan f\u00e5 kollektiv beskyttelse?<\/span>\n<\/h6>\n<div class=\"eltdf-accordion-content\">\n\t<div class=\"eltdf-accordion-content-inner\">\n\t\t[vc_column_text]<span style=\"color: #000000;\"><strong>Du kan f\u00e5 kollektiv beskyttelse hvis du:\u00a0<\/strong><\/span><\/p>\n<ul>\n<li>er ukrainsk statsborger og var bosatt i Ukraina f\u00f8r 24. februar 2022. Det inkluderer ogs\u00e5 ukrainske statsborgere som var p\u00e5 ferie eller bes\u00f8k utenfor Ukraina, eller som hadde flyktet p\u00e5 grunn av fare for krig (i inntil 90 dager f\u00f8r 24. februar 2022).<\/li>\n<li>har f\u00e5tt innvilget beskyttelse i Ukraina f\u00f8r 24. februar 2022<\/li>\n<li>er n\u00e6rt familiemedlem av personer som har f\u00e5tt kollektiv beskyttelse uavhengig av nasjonalitet. Med n\u00e6re familiemedlemmer menes ektefelle, samboer og barn under 18 \u00e5r. Ektefelle og samboer gjelder kun hvis ekteskapet eller samboerskapet ble inng\u00e5tt f\u00f8r 24. februar 2022. Det er ikke et krav at dere bodde i samme husstand f\u00f8r 24. februar 2022. Du og familiemedlemmet ditt kan s\u00f8ke samtidig.<\/li>\n<li>er et \u00abannet familiemedlem\u00bb som f\u00f8r 24. februar 2022 var en del av husstanden til personen som har f\u00e5tt kollektiv beskyttelse. Eksempler p\u00e5 andre familiemedlemmer, kan v\u00e6re barn over 18 \u00e5r, besteforeldre eller s\u00f8sken. Du og familiemedlemmet ditt kan s\u00f8ke samtidig. Kravet om \u00e5 v\u00e6re del av samme husstand anses som oppfylt, selv om du oppholdt deg p\u00e5 et annet sted enn i husstanden f\u00f8r 24. februar 2022 (for eksempel p\u00e5 familiebes\u00f8k eller ferie), med mindre du kan anses for \u00e5 ha flyttet ut av husstanden (for eksempel studieopphold).<\/li>\n<li>er ukrainsk statsborger og allerede hadde lovlig opphold i Norge f\u00f8r 24. februar 2022. Dette gjelder ogs\u00e5 deg som hadde f\u00e5tt innvilget oppholdstillatelse i Norge f\u00f8r 24. februar 2022, men reiste inn i landet senere. Det tidligere grunnlaget ditt for \u00e5 v\u00e6re i Norge m\u00e5 ha bortfalt, eller bortfalle mindre enn to m\u00e5neder etter at du s\u00f8ker om beskyttelse.<\/li>\n<\/ul>\n<p>[\/vc_column_text]\t<\/div>\n<\/div><h6 class=\"eltdf-accordion-title\">\n    <span class=\"eltdf-accordion-mark\">\n\t\t<span class=\"eltdf_icon_plus icon_plus\"><\/span>\n\t\t<span class=\"eltdf_icon_minus icon_minus-06\"><\/span>\n\t<\/span>\n\t<span class=\"eltdf-tab-title\">Hvem avgj\u00f8r om jeg f\u00e5r oppholdstillatelse?<\/span>\n<\/h6>\n<div class=\"eltdf-accordion-content\">\n\t<div class=\"eltdf-accordion-content-inner\">\n\t\t[vc_column_text]Utlendingsdirektoratet (UDI) vurderer og bestemmer hvem som har rett til beskyttelse og oppholdstillatelse i Norge. UDI vil fatte vedtak om oppholdstillatelse basert p\u00e5 opplysninger som politiet har registrert om deg.\u00a0Dersom politi eller UDI trenger mer informasjon om deg etter registreringen for \u00e5 fatte vedtak, vil de ta kontakt med deg.<\/p>\n<p>[\/vc_column_text]\t<\/div>\n<\/div><\/div>[vc_empty_space height=&raquo;12px&raquo;][\/vc_column][vc_column width=&raquo;1\/3&#8243;]<div class=\"eltdf-accordion-holder eltdf-ac-default  eltdf-toggle eltdf-ac-boxed  clearfix\">\n\t<h6 class=\"eltdf-accordion-title\">\n    <span class=\"eltdf-accordion-mark\">\n\t\t<span class=\"eltdf_icon_plus icon_plus\"><\/span>\n\t\t<span class=\"eltdf_icon_minus icon_minus-06\"><\/span>\n\t<\/span>\n\t<span class=\"eltdf-tab-title\">Hvor lenge varer min midlertidige oppholdstillatelse n\u00e5r jeg f\u00e5r kollektiv beskyttelse?<\/span>\n<\/h6>\n<div class=\"eltdf-accordion-content\">\n\t<div class=\"eltdf-accordion-content-inner\">\n\t\t[vc_column_text]<\/p>\n<ul>\n<li>Alle f\u00f8rstegangs tillatelser er <a href=\"https:\/\/www.udi.no\/ord-og-begreper\/midlertidig-oppholdstillatelse\/\">midlertidige<\/a>. Kollektiv beskyttelse gir oppholdstillatelse for ett \u00e5r om gangen i inntil tre \u00e5r. Du vil automatisk f\u00e5 forlenget oppholdstillatelsen din n\u00e5r den l\u00f8per ut. Du trenger ikke \u00e5 gj\u00f8re noe selv for \u00e5 forlenge den, og du vil f\u00e5 et nytt oppholdskort i postkassen din. Den nye tillatelsen vil v\u00e6re gyldig i ett \u00e5r fra utl\u00f8pet av den forrige.<\/li>\n<li>Tillatelsen danner ikke grunnlag for <a href=\"https:\/\/www.udi.no\/ord-og-begreper\/permanent-oppholdstillatelse\/\">permanent oppholdstillatelse<\/a>. Om det fortsatt ikke er mulig \u00e5 returnere hjem etter 5 \u00e5r, kan du f\u00e5 en ordin\u00e6r, midlertidig oppholdstillatelse.<\/li>\n<\/ul>\n<p>[\/vc_column_text]\t<\/div>\n<\/div><h6 class=\"eltdf-accordion-title\">\n    <span class=\"eltdf-accordion-mark\">\n\t\t<span class=\"eltdf_icon_plus icon_plus\"><\/span>\n\t\t<span class=\"eltdf_icon_minus icon_minus-06\"><\/span>\n\t<\/span>\n\t<span class=\"eltdf-tab-title\">Hva skjer hvis jeg ikke f\u00e5r kollektiv beskyttelse?<\/span>\n<\/h6>\n<div class=\"eltdf-accordion-content\">\n\t<div class=\"eltdf-accordion-content-inner\">\n\t\t[vc_column_text]<\/p>\n<ul>\n<li>\n<p style=\"font-weight: 400;\">Hvis UDI beslutter at du <a href=\"https:\/\/www.ukrainianrefugees.no\/nb\/hvis-jeg-ikke-far-innvilget-kollektiv-beskyttelse\/\">ikke oppfyller <u>kriteriene for \u00e5 f\u00e5 kollektiv beskyttelse<\/u><\/a>, vil de gi deg egen informasjon om dette. De vil p\u00e5 eget initiativ opprette en ny sak, for \u00e5 vurdere om du har rett til beskyttelse p\u00e5 individuelt grunnlag. Hvis du i stedet \u00f8nsker \u00e5 avslutte asylsaken i Norge, gir du besked om dette til UDI eller politiet.<\/p>\n<\/li>\n<\/ul>\n<p>[\/vc_column_text]\t<\/div>\n<\/div><\/div>[\/vc_column][\/vc_row]<\/p>\n","protected":false},"excerpt":{"rendered":"<p>[vc_row row_content_width=&raquo;grid&raquo; css=&raquo;.vc_custom_1647369375263{padding-top: 60px !important;padding-bottom: 60px !important;}&raquo;][vc_column width=&raquo;1\/3&#8243;][vc_empty_space height=&raquo;12px&raquo;][\/vc_column][vc_column width=&raquo;1\/3&#8243;][vc_empty_space height=&raquo;12px&raquo;][\/vc_column][vc_column width=&raquo;1\/3&#8243;][\/vc_column][\/vc_row]<\/p>\n","protected":false},"author":13,"featured_media":32262,"parent":0,"menu_order":0,"comment_status":"closed","ping_status":"closed","template":"full-width.php","meta":{"inline_featured_image":false},"_links":{"self":[{"href":"https:\/\/www.ukrainianrefugees.no\/nb\/wp-json\/wp\/v2\/pages\/39219"}],"collection":[{"href":"https:\/\/www.ukrainianrefugees.no\/nb\/wp-json\/wp\/v2\/pages"}],"about":[{"href":"https:\/\/www.ukrainianrefugees.no\/nb\/wp-json\/wp\/v2\/types\/page"}],"author":[{"embeddable":true,"href":"https:\/\/www.ukrainianrefugees.no\/nb\/wp-json\/wp\/v2\/users\/13"}],"replies":[{"embeddable":true,"href":"https:\/\/www.ukrainianrefugees.no\/nb\/wp-json\/wp\/v2\/comments?post=39219"}],"version-history":[{"count":35,"href":"https:\/\/www.ukrainianrefugees.no\/nb\/wp-json\/wp\/v2\/pages\/39219\/revisions"}],"predecessor-version":[{"id":40403,"href":"https:\/\/www.ukrainianrefugees.no\/nb\/wp-json\/wp\/v2\/pages\/39219\/revisions\/40403"}],"wp:featuredmedia":[{"embeddable":true,"href":"https:\/\/www.ukrainianrefugees.no\/nb\/wp-json\/"}],"wp:attachment":[{"href":"https:\/\/www.ukrainianrefugees.no\/nb\/wp-json\/wp\/v2\/media?parent=39219"}],"curies":[{"name":"wp","href":"https:\/\/api.w.org\/{rel}","templated":true}]}}