{"id":39269,"date":"2022-04-25T11:55:40","date_gmt":"2022-04-25T09:55:40","guid":{"rendered":"https:\/\/www.ukrainianrefugees.no\/?page_id=39269"},"modified":"2023-03-24T17:58:20","modified_gmt":"2023-03-24T16:58:20","slug":"enslige-mindrearige-asylsokere-ukrainsk","status":"publish","type":"page","link":"https:\/\/www.ukrainianrefugees.no\/nb\/enslige-mindrearige-asylsokere-ukrainsk\/","title":{"rendered":"Enslige mindre\u00e5rige asyls\u00f8kere"},"content":{"rendered":"<p>[vc_row row_content_width=&raquo;grid&raquo; css=&raquo;.vc_custom_1647369546528{padding-top: 60px !important;padding-bottom: 60px !important;}&raquo;][vc_column width=&raquo;1\/2&#8243;]<div class=\"eltdf-accordion-holder eltdf-ac-default  eltdf-toggle eltdf-ac-boxed  clearfix\">\n\t<h6 class=\"eltdf-accordion-title\">\n    <span class=\"eltdf-accordion-mark\">\n\t\t<span class=\"eltdf_icon_plus icon_plus\"><\/span>\n\t\t<span class=\"eltdf_icon_minus icon_minus-06\"><\/span>\n\t<\/span>\n\t<span class=\"eltdf-tab-title\">Hva er en enslig mindre\u00e5rig asyls\u00f8ker (EMA)?<\/span>\n<\/h6>\n<div class=\"eltdf-accordion-content\">\n\t<div class=\"eltdf-accordion-content-inner\">\n\t\t[vc_column_text]<\/p>\n<ul>\n<li>Enslige mindre\u00e5rige asyls\u00f8kere (EMA) er personer under 18 \u00e5r som s\u00f8ker om beskyttelse og som verken har foreldre eller andre med foreldreansvar som befinner seg i landet.<\/li>\n<li>Dersom barnets foreldre eller personer med foreldreansvar har forlatt Norge og de forlater f\u00f8r UDI har fattet vedtak, anses barnet som en EMA.<\/li>\n<li>Barn som ankommer Norge uten foreldre, men som har foreldre i Norge hvor foreldrerelasjonen er sannsynliggjort anses ikke som EMA.<\/li>\n<\/ul>\n<p>[\/vc_column_text]\t<\/div>\n<\/div><h6 class=\"eltdf-accordion-title\">\n    <span class=\"eltdf-accordion-mark\">\n\t\t<span class=\"eltdf_icon_plus icon_plus\"><\/span>\n\t\t<span class=\"eltdf_icon_minus icon_minus-06\"><\/span>\n\t<\/span>\n\t<span class=\"eltdf-tab-title\">Jeg er en EMA. Hvor kan jeg registrere meg?<\/span>\n<\/h6>\n<div class=\"eltdf-accordion-content\">\n\t<div class=\"eltdf-accordion-content-inner\">\n\t\t[vc_column_text]<\/p>\n<ul>\n<li>Dersom du er en EMA fra Ukraina og \u00f8nsker \u00e5 f\u00e5 kollektiv beskyttelse, m\u00e5 du oppfylle kravene til dette. Kravene finner du <a href=\"https:\/\/udi.no\/krisen-i-ukraina\/vare-i-norge\/beskyttelse-i-norge\/skal-soke-rettigheter-og-plikter\/#link-30164\">her<\/a>.<\/li>\n<li>N\u00e5r du kommer til Norge kan du kontakte politiet s\u00e5 raskt som mulig. Dersom du har en f\u00f8lgeperson som for eksempel familie eller slektninger uten foreldreansvar, kan du registreres i et lokalt politidistrikt der du bor. <a href=\"https:\/\/www.politiet.no\/tjenester\/opphold-i-norge-og-asyl\/ukraina\/slik-soker-ukrainske-borgere-kollektiv-beskyttelse-i-norge\/\">Her<\/a> er en oversikt over politidistriktene man kan registrere seg i.<\/li>\n<\/ul>\n<p>[\/vc_column_text]\t<\/div>\n<\/div><h6 class=\"eltdf-accordion-title\">\n    <span class=\"eltdf-accordion-mark\">\n\t\t<span class=\"eltdf_icon_plus icon_plus\"><\/span>\n\t\t<span class=\"eltdf_icon_minus icon_minus-06\"><\/span>\n\t<\/span>\n\t<span class=\"eltdf-tab-title\">Hva skjer n\u00e5r jeg som EMA registrerer meg?<\/span>\n<\/h6>\n<div class=\"eltdf-accordion-content\">\n\t<div class=\"eltdf-accordion-content-inner\">\n\t\t[vc_column_text]<\/p>\n<ul>\n<li>Du f\u00e5r oppnevnt en representant fra Statsforvalteren. Under neste sp\u00f8rsm\u00e5l forklarer vi hva en representant er.<\/li>\n<li>Du registrerer fingeravtrykk og personalia, og politiet stiller deg noen sp\u00f8rsm\u00e5l om hvem du er og hvordan du kom til Norge.<\/li>\n<li>Du leverer dine ID-dokumenter. Disse f\u00e5r du tilbake i posten og de blir utsendt senest etter at din s\u00f8knad om beskyttelse er ferdigbehandlet.<\/li>\n<li>Du tar en helseunders\u00f8kelse. Hvis du registrerer deg hos lokalt politi i stedet for p\u00e5 R\u00e5de, kan mottaket gi deg informasjon til hvordan du skal f\u00e5 gjennomf\u00f8rt en helseunders\u00f8kelse.<\/li>\n<li>Uavhengig om du har en f\u00f8lgeperson eller ikke skal du ha minst \u00e9n samtale med utlendingsforvaltningen. Dette kan for eksempel v\u00e6re med Politiets utlendingenhet eller UDI.<\/li>\n<\/ul>\n<p>[\/vc_column_text]\t<\/div>\n<\/div><h6 class=\"eltdf-accordion-title\">\n    <span class=\"eltdf-accordion-mark\">\n\t\t<span class=\"eltdf_icon_plus icon_plus\"><\/span>\n\t\t<span class=\"eltdf_icon_minus icon_minus-06\"><\/span>\n\t<\/span>\n\t<span class=\"eltdf-tab-title\">Hva er en representant og deres rolle?<\/span>\n<\/h6>\n<div class=\"eltdf-accordion-content\">\n\t<div class=\"eltdf-accordion-content-inner\">\n\t\t[vc_column_text]<\/p>\n<ul>\n<li>Representanten du f\u00e5r oppnevnt har som oppgave \u00e5 ivareta dine interesser og s\u00f8rge for at dine rettigheter er beskyttede. Representanten kan ta avgj\u00f8relser som en forelder vanligvis hadde tatt p\u00e5 dine vegne. Han\/henne skal i tillegg v\u00e6re med i samtaler du har med utlendingsmyndighetene.<\/li>\n<li>Representanten din skal ogs\u00e5 sikre for at dine beste blir vurdert og kommunisere med akt\u00f8rer som har omsorgsansvar som for eksempel Bufetat og barnevernet i kommunen.<\/li>\n<\/ul>\n<p>[\/vc_column_text]\t<\/div>\n<\/div><h6 class=\"eltdf-accordion-title\">\n    <span class=\"eltdf-accordion-mark\">\n\t\t<span class=\"eltdf_icon_plus icon_plus\"><\/span>\n\t\t<span class=\"eltdf_icon_minus icon_minus-06\"><\/span>\n\t<\/span>\n\t<span class=\"eltdf-tab-title\">Kan jeg bytte representant?<\/span>\n<\/h6>\n<div class=\"eltdf-accordion-content\">\n\t<div class=\"eltdf-accordion-content-inner\">\n\t\t[vc_column_text]<\/p>\n<ul>\n<li>Ja, det er mulig \u00e5 bytte representant. Dette gj\u00f8r man ved \u00e5 kontakte Statsforvalteren <a href=\"https:\/\/www.statsforvalteren.no\/nn\/oslo-og-viken\/om-oss\/kontakt-oss\/\">her<\/a>.<\/li>\n<li>Dersom du flytter til et annet mottak, vil du f\u00e5 oppnevnt en ny representant.<\/li>\n<\/ul>\n<p>[\/vc_column_text]\t<\/div>\n<\/div><\/div>[vc_empty_space height=&raquo;12px&raquo;][\/vc_column][vc_column width=&raquo;1\/2&#8243;]<div class=\"eltdf-accordion-holder eltdf-ac-default  eltdf-toggle eltdf-ac-boxed  clearfix\">\n\t<h6 class=\"eltdf-accordion-title\">\n    <span class=\"eltdf-accordion-mark\">\n\t\t<span class=\"eltdf_icon_plus icon_plus\"><\/span>\n\t\t<span class=\"eltdf_icon_minus icon_minus-06\"><\/span>\n\t<\/span>\n\t<span class=\"eltdf-tab-title\">Kan f\u00f8lgepersoner eller slektninger oppnevnes som representant?<\/span>\n<\/h6>\n<div class=\"eltdf-accordion-content\">\n\t<div class=\"eltdf-accordion-content-inner\">\n\t\t[vc_column_text]N\u00e5r Statsforvalteren oppnevner en representant, vektlegger de at representanten snakker godt norsk, har gode kunnskaper om det norske samfunnet og kan orientere seg i det offentlige systemet i Norge. Man kan ikke ha \u00f8vrige slektninger, samboere eller ektefeller som representant.[\/vc_column_text]\t<\/div>\n<\/div><h6 class=\"eltdf-accordion-title\">\n    <span class=\"eltdf-accordion-mark\">\n\t\t<span class=\"eltdf_icon_plus icon_plus\"><\/span>\n\t\t<span class=\"eltdf_icon_minus icon_minus-06\"><\/span>\n\t<\/span>\n\t<span class=\"eltdf-tab-title\">Hva skjer etter at jeg har registrert meg?<\/span>\n<\/h6>\n<div class=\"eltdf-accordion-content\">\n\t<div class=\"eltdf-accordion-content-inner\">\n\t\t[vc_column_text]<\/p>\n<ul>\n<li>Dersom du er under 15 \u00e5r, blir du sendt til et omsorgssenter underlagt Barne-, ungdoms- og familieetaten (Bufetat). Her skal du bo midlertidig med andre barn.<\/li>\n<li>For barn i alderen 15-18 \u00e5r finnes det egne asylmottak underlagt UDI.<\/li>\n<\/ul>\n<p>[\/vc_column_text]\t<\/div>\n<\/div><h6 class=\"eltdf-accordion-title\">\n    <span class=\"eltdf-accordion-mark\">\n\t\t<span class=\"eltdf_icon_plus icon_plus\"><\/span>\n\t\t<span class=\"eltdf_icon_minus icon_minus-06\"><\/span>\n\t<\/span>\n\t<span class=\"eltdf-tab-title\">Hva skjer n\u00e5r jeg skal bosettes fast?<\/span>\n<\/h6>\n<div class=\"eltdf-accordion-content\">\n\t<div class=\"eltdf-accordion-content-inner\">\n\t\t[vc_column_text]<\/p>\n<ul>\n<li>F\u00f8r du bosettes fast i en kommune, skal mottaket du bor p\u00e5 kartlegge dine behov og lage en individuell kartelling- og oppf\u00f8lgingsplan som sendes til kommunen.<\/li>\n<li>Bufetat har ansvaret for bosettingen av EMA under 15 \u00e5r, og IMDi har ansvaret for bosettingen av EMA over 15.<\/li>\n<li>Avhengig av din alder og dine behov vil botilbudet variere. Du kan lese mer om vanlige bo- og omsorgsl\u00f8sninger <a href=\"https:\/\/www.imdi.no\/planlegging-og-bosetting\/slik-bosettes-flyktninger\/enslige-mindrearige-flyktninger\/\">her<\/a>. Uavhengig av hvor du blir bosatt vektlegges det at du skal ha god omsorg og oppf\u00f8lgning fra trygge voksne rundt deg.<\/li>\n<\/ul>\n<p>[\/vc_column_text]\t<\/div>\n<\/div><h6 class=\"eltdf-accordion-title\">\n    <span class=\"eltdf-accordion-mark\">\n\t\t<span class=\"eltdf_icon_plus icon_plus\"><\/span>\n\t\t<span class=\"eltdf_icon_minus icon_minus-06\"><\/span>\n\t<\/span>\n\t<span class=\"eltdf-tab-title\">Kan jeg s\u00f8ke om familiegjenforening?<\/span>\n<\/h6>\n<div class=\"eltdf-accordion-content\">\n\t<div class=\"eltdf-accordion-content-inner\">\n\t\t[vc_column_text]<\/p>\n<ul>\n<li>\n<p style=\"font-weight: 400;\">Ja, hvis du har f\u00e5tt beskyttelse i Norge kan n\u00e6re familiemedlemmer s\u00f8ke om familiegjenforening med deg. Dette s\u00f8kes om s\u00e5 fort du har f\u00e5tt innvilget beskyttelse.<\/p>\n<\/li>\n<li>\n<p style=\"font-weight: 400;\">Du kan kontakte NOAS for sp\u00f8rsm\u00e5l om s\u00f8knad om familieinnvandring. Les mer <a href=\"https:\/\/www.udi.no\/ord-og-begreper\/familieinnvandring-med-en-person-som-har-beskyttelse-asyl-i-norge\/\">her<\/a>.<\/p>\n<\/li>\n<\/ul>\n<p>[\/vc_column_text]\t<\/div>\n<\/div><h6 class=\"eltdf-accordion-title\">\n    <span class=\"eltdf-accordion-mark\">\n\t\t<span class=\"eltdf_icon_plus icon_plus\"><\/span>\n\t\t<span class=\"eltdf_icon_minus icon_minus-06\"><\/span>\n\t<\/span>\n\t<span class=\"eltdf-tab-title\">Har jeg som EMA rett til helsetjenester?<\/span>\n<\/h6>\n<div class=\"eltdf-accordion-content\">\n\t<div class=\"eltdf-accordion-content-inner\">\n\t\t[vc_column_text]<\/p>\n<ul>\n<li>Ja, det har du. Barn opp til 16 \u00e5r har rett til gratis helsehjelp og behandling p\u00e5 sykehus. Alle asyls\u00f8kere uavhengig av alder har rett til behandling p\u00e5 sykehus n\u00e5r det er medisinsk n\u00f8dvendig.<\/li>\n<li>Tannlege er gratis for deg opp til 18 \u00e5r.<\/li>\n<li>Du har ogs\u00e5 rett til en fastlege.<\/li>\n<li>Hvis du har noen spesielle behov kan du opplyse helsepersonell p\u00e5 mottaket ditt om dette s\u00e5 fort du har muligheten.<\/li>\n<li>N\u00e5r du har m\u00f8ter med helsetjenesten kan du bruke ditt D-nummer inntil du f\u00e5r et vanlig f\u00f8dselsnummer. D-nummer f\u00e5r man n\u00e5r man har registrert seg hos politiet.<\/li>\n<\/ul>\n<p>[\/vc_column_text]\t<\/div>\n<\/div><\/div>[\/vc_column][\/vc_row]<\/p>\n","protected":false},"excerpt":{"rendered":"<p>[vc_row row_content_width=&raquo;grid&raquo; css=&raquo;.vc_custom_1647369546528{padding-top: 60px !important;padding-bottom: 60px !important;}&raquo;][vc_column width=&raquo;1\/2&#8243;][vc_empty_space height=&raquo;12px&raquo;][\/vc_column][vc_column width=&raquo;1\/2&#8243;][\/vc_column][\/vc_row]<\/p>\n","protected":false},"author":13,"featured_media":39849,"parent":0,"menu_order":0,"comment_status":"closed","ping_status":"closed","template":"full-width.php","meta":{"inline_featured_image":false},"_links":{"self":[{"href":"https:\/\/www.ukrainianrefugees.no\/nb\/wp-json\/wp\/v2\/pages\/39269"}],"collection":[{"href":"https:\/\/www.ukrainianrefugees.no\/nb\/wp-json\/wp\/v2\/pages"}],"about":[{"href":"https:\/\/www.ukrainianrefugees.no\/nb\/wp-json\/wp\/v2\/types\/page"}],"author":[{"embeddable":true,"href":"https:\/\/www.ukrainianrefugees.no\/nb\/wp-json\/wp\/v2\/users\/13"}],"replies":[{"embeddable":true,"href":"https:\/\/www.ukrainianrefugees.no\/nb\/wp-json\/wp\/v2\/comments?post=39269"}],"version-history":[{"count":4,"href":"https:\/\/www.ukrainianrefugees.no\/nb\/wp-json\/wp\/v2\/pages\/39269\/revisions"}],"predecessor-version":[{"id":40329,"href":"https:\/\/www.ukrainianrefugees.no\/nb\/wp-json\/wp\/v2\/pages\/39269\/revisions\/40329"}],"wp:featuredmedia":[{"embeddable":true,"href":"https:\/\/www.ukrainianrefugees.no\/nb\/wp-json\/wp\/v2\/media\/39849"}],"wp:attachment":[{"href":"https:\/\/www.ukrainianrefugees.no\/nb\/wp-json\/wp\/v2\/media?parent=39269"}],"curies":[{"name":"wp","href":"https:\/\/api.w.org\/{rel}","templated":true}]}}