{"id":40122,"date":"2023-03-16T14:02:07","date_gmt":"2023-03-16T13:02:07","guid":{"rendered":"https:\/\/www.ukrainianrefugees.no\/?page_id=40122"},"modified":"2023-12-25T01:00:01","modified_gmt":"2023-12-25T00:00:01","slug":"hvis-jeg-ikke-far-innvilget-kollektiv-beskyttelse","status":"publish","type":"page","link":"https:\/\/www.ukrainianrefugees.no\/nb\/hvis-jeg-ikke-far-innvilget-kollektiv-beskyttelse\/","title":{"rendered":"Hvis jeg ikke f\u00e5r innvilget kollektiv beskyttelse"},"content":{"rendered":"<p>[vc_row row_content_width=&raquo;grid&raquo; css=&raquo;.vc_custom_1647369414748{padding-top: 60px !important;padding-bottom: 60px !important;}&raquo;][vc_column width=&raquo;1\/4&#8243;]<div class=\"eltdf-accordion-holder eltdf-ac-default  eltdf-toggle eltdf-ac-boxed  clearfix\">\n\t<h6 class=\"eltdf-accordion-title\">\n    <span class=\"eltdf-accordion-mark\">\n\t\t<span class=\"eltdf_icon_plus icon_plus\"><\/span>\n\t\t<span class=\"eltdf_icon_minus icon_minus-06\"><\/span>\n\t<\/span>\n\t<span class=\"eltdf-tab-title\">Dette er grunner til at det ikke innvilges kollektiv beskyttelse<\/span>\n<\/h6>\n<div class=\"eltdf-accordion-content\">\n\t<div class=\"eltdf-accordion-content-inner\">\n\t\t[vc_column_text]Du kan ikke f\u00e5 kollektiv beskyttelse hvis du:<span data-ccp-props=\"{&quot;134233117&quot;:true,&quot;134233118&quot;:true,&quot;201341983&quot;:0,&quot;335559740&quot;:240}\">\u00a0<\/span><\/p>\n<ul>\n<li><span data-ccp-props=\"{&quot;134233117&quot;:true,&quot;134233118&quot;:true,&quot;201341983&quot;:0,&quot;335559740&quot;:240}\">var bosatt i et annet land enn Ukraina eller Norge frem til 24.februar 2022.<\/span><\/li>\n<li><span data-ccp-props=\"{&quot;134233117&quot;:true,&quot;134233118&quot;:true,&quot;201341983&quot;:0,&quot;335559740&quot;:240}\">oppholdt deg ulovlig i Norge eller hadde utreiseplikt 24. februar 2022.<\/span><\/li>\n<li><span data-ccp-props=\"{&quot;134233117&quot;:true,&quot;134233118&quot;:true,&quot;201341983&quot;:0,&quot;335559740&quot;:240}\">har dobbelt statsborgerskap med\u00a0<a href=\"https:\/\/www.udiregelverk.no\/rettskilder\/udi-retningslinjer\/udi-2021-009\/udi-2021-009-v1\/\">et land UDI anser som trygt (eksternt nettsted)<\/a>.<\/span><\/li>\n<li><span data-ccp-props=\"{&quot;134233117&quot;:true,&quot;134233118&quot;:true,&quot;201341983&quot;:0,&quot;335559740&quot;:240}\">har en annen oppholdstillatelse i Norge som du kan fortsette \u00e5 ha videre. Se utfyllende\u00a0<a href=\"https:\/\/www.udi.no\/informasjon-ukraina-russland\/krisen-i-ukraina\/vare-i-norge\/beskyttelse-i-norge\/skal-soke-rettigheter-og-plikter\/#link-30164\">liste over hvem som kan f\u00e5 kollektiv beskyttelse her<\/a>.<\/span><\/li>\n<li><span data-ccp-props=\"{&quot;134233117&quot;:true,&quot;134233118&quot;:true,&quot;201341983&quot;:0,&quot;335559740&quot;:240}\">ikke er ukrainsk borger, men har hatt oppholdstillatelse i Ukraina.\u00a0<\/span>V\u00e6r oppmerksom p\u00e5 at du kan ha rett p\u00e5 kollektiv beskyttelse i Norge hvis du hadde beskyttelse i Ukraina. Dette m\u00e5 du kunne dokumentere.<span data-ccp-props=\"{&quot;134233117&quot;:true,&quot;134233118&quot;:true,&quot;201341983&quot;:0,&quot;335559740&quot;:240}\">\u00a0<\/span><\/li>\n<\/ul>\n<p>[\/vc_column_text]\t<\/div>\n<\/div><h6 class=\"eltdf-accordion-title\">\n    <span class=\"eltdf-accordion-mark\">\n\t\t<span class=\"eltdf_icon_plus icon_plus\"><\/span>\n\t\t<span class=\"eltdf_icon_minus icon_minus-06\"><\/span>\n\t<\/span>\n\t<span class=\"eltdf-tab-title\">Hvordan behandles saken videre n\u00e5r jeg ikke f\u00e5r kollektiv beskyttelse?<\/span>\n<\/h6>\n<div class=\"eltdf-accordion-content\">\n\t<div class=\"eltdf-accordion-content-inner\">\n\t\t[vc_column_text]<\/p>\n<ul>\n<li>Dersom du <a href=\"https:\/\/www.udi.no\/informasjon-ukraina-russland\/krisen-i-ukraina\/vare-i-norge\/vanlige-sporsmal-og-svar\/#link-30183\">ikke oppfyller kriteriene<\/a> for kollektiv beskyttelse, vil du i stedet f\u00e5 behandlet saken som en ordin\u00e6r asylsak. Det vil si at behovet for beskyttelse blir vurdert individuelt.<\/li>\n<li>Du f\u00e5r da beskjed fra norske myndigheter om at du ikke oppfyller vilk\u00e5rene for kollektiv beskyttelse og du blir overf\u00f8rt automatisk til individuell behandling.<\/li>\n<li>Ved individuell behandling vil UDI f\u00f8rst avgj\u00f8re om asylsaken skal behandles i Norge, eller om et annet land er ansvarlig. Hvis du har oppholdt deg eller har tilh\u00f8righet til et annet land, kan norske myndigheter henvise deg dit.<\/li>\n<li>Hvis det besluttes at saken din skal behandles i Norge, skal myndighetene vurdere om du har rett til beskyttelse p\u00e5 individuelt grunnlag.<\/li>\n<li>Beskyttelse innvilges hvis det er fare for framtidig forf\u00f8lgelse eller umenneskelig behandling i hjemlandet.<\/li>\n<\/ul>\n<p>[\/vc_column_text]\t<\/div>\n<\/div><\/div>[vc_empty_space height=&raquo;10px&raquo;][\/vc_column][vc_column width=&raquo;1\/4&#8243;]<div class=\"eltdf-accordion-holder eltdf-ac-default  eltdf-toggle eltdf-ac-boxed  clearfix\">\n\t<h6 class=\"eltdf-accordion-title\">\n    <span class=\"eltdf-accordion-mark\">\n\t\t<span class=\"eltdf_icon_plus icon_plus\"><\/span>\n\t\t<span class=\"eltdf_icon_minus icon_minus-06\"><\/span>\n\t<\/span>\n\t<span class=\"eltdf-tab-title\">Kan jeg klage hvis jeg ikke f\u00e5r innvilget kollektiv beskyttelse?<\/span>\n<\/h6>\n<div class=\"eltdf-accordion-content\">\n\t<div class=\"eltdf-accordion-content-inner\">\n\t\t[vc_column_text]Det er ikke mulig \u00e5 klage p\u00e5 at du ikke f\u00e5r innvilget kollektiv beskyttelse. Men hvis du mener at du oppfyller vilk\u00e5rene for kollektiv beskyttelse, er det mulig \u00e5 sende opplysninger og dokumenter som kan ha betydning for vurderingen av om du skal f\u00e5 det.<\/p>\n<p><a href=\"https:\/\/www.udi.no\/ord-og-begreper\/ettersende-dokumenter\/asylsaker-og-utvisningssaker\/\">Du m\u00e5 da sende opplysninger<\/a> og dokumentasjon som ikke har blitt vurdert tidligere som:<\/p>\n<ul>\n<li>Bosted p\u00e5 tidspunkt for invasjonen 24.2.2022.<\/li>\n<li>Familierelasjon og \/ eller felles bosted med noen som er omfattet av kollektiv beskyttelse.<\/li>\n<li>Dokumentasjon p\u00e5 eventuell flyktningstatus.<\/li>\n<li>Dokumentasjon p\u00e5 identitet (Dette gjelder s\u00e6rlig om det er tvil om identitet som har f\u00f8rt til at du ikke fikk kollektiv beskyttelse).<\/li>\n<\/ul>\n<p>[\/vc_column_text]\t<\/div>\n<\/div><h6 class=\"eltdf-accordion-title\">\n    <span class=\"eltdf-accordion-mark\">\n\t\t<span class=\"eltdf_icon_plus icon_plus\"><\/span>\n\t\t<span class=\"eltdf_icon_minus icon_minus-06\"><\/span>\n\t<\/span>\n\t<span class=\"eltdf-tab-title\">Hvordan legger jeg fram nye opplysninger som kan ha betydning for saken?<\/span>\n<\/h6>\n<div class=\"eltdf-accordion-content\">\n\t<div class=\"eltdf-accordion-content-inner\">\n\t\t[vc_column_text]<\/p>\n<ul>\n<li>Mens s\u00f8knaden din om beskyttelse behandles, kan du n\u00e5r som helst <a href=\"https:\/\/www.udi.no\/ord-og-begreper\/ettersende-dokumenter\/asylsaker-og-utvisningssaker\/\">sende inn opplysninger eller dokumentasjon<\/a> som kan ha betydning for vurderingen av saken din. Det er alltid en fordel \u00e5 gj\u00f8re det s\u00e5 tidlig som mulig, slik at opplysningene kan bli vurdert f\u00f8r det fattes vedtak.<\/li>\n<li>Brev med egne opplysninger kan sendes skriftlig. Det er mulig \u00e5 skrive p\u00e5 norsk, engelsk eller ditt eget spr\u00e5k.<\/li>\n<li>Hvis UDI trenger mer informasjon, tar de kontakt og eventuelt kaller deg inn til intervju.<\/li>\n<li>Originale pass og ID-dokumenter b\u00f8r leveres til politiet der du bor, men kan ogs\u00e5 sendes via posten.<\/li>\n<li>Kopier av dokumenter kan sendes via posten til Utlendingsdirektoratet (UDI) eller til Politiets utlendingsenhet (PU).<\/li>\n<li>Adresse UDI: Utlendingsdirektoratet, Postboks 2098 Vika, 0125 Oslo.<\/li>\n<li>Adresse PU: Politiets utlendingsenhet, Postboks 2095 Vika, 0125 Oslo.<\/li>\n<li>Husk \u00e5 skrive ditt eget navn, adresse, telefonnummer og DUF-nummer p\u00e5 et ark som legges ved i konvolutten.<\/li>\n<\/ul>\n<p>[\/vc_column_text]\t<\/div>\n<\/div><\/div>[vc_empty_space height=&raquo;10px&raquo;][\/vc_column][vc_column width=&raquo;1\/4&#8243;]<div class=\"eltdf-accordion-holder eltdf-ac-default  eltdf-toggle eltdf-ac-boxed  clearfix\">\n\t<h6 class=\"eltdf-accordion-title\">\n    <span class=\"eltdf-accordion-mark\">\n\t\t<span class=\"eltdf_icon_plus icon_plus\"><\/span>\n\t\t<span class=\"eltdf_icon_minus icon_minus-06\"><\/span>\n\t<\/span>\n\t<span class=\"eltdf-tab-title\">I hvilke tilfeller kan jeg bli henvist til \u00e5 reise til et annet land?<\/span>\n<\/h6>\n<div class=\"eltdf-accordion-content\">\n\t<div class=\"eltdf-accordion-content-inner\">\n\t\t[vc_column_text]Hvis du var bosatt eller oppholdt deg i et annet land p\u00e5 tidspunktet for invasjonen 24. 2. 2022, kan norske myndigheter henvise deg til \u00e5 reise tilbake dit. Dette gjelder b\u00e5de til europeiske land og andre land som anses som trygge.<\/p>\n<p>Dublin-regelverket er et sett av regler som gjelder for land i det europeiske samarbeidsomr\u00e5det, deriblant Norge. Reglene bestemmer hvilket av de europeiske landene som er ansvarlig for \u00e5 behandle en s\u00f8knad om beskyttelse.<\/p>\n<p>Dublin-regelverket gjelder for personer fra Ukraina som f\u00e5r sin sak behandlet individuelt. For de som oppfyller vilk\u00e5rene for kollektiv beskyttelse, gjelder ikke Dublin-regelverket.<\/p>\n<p>Du kan f\u00e5 s\u00f8knaden din <a href=\"https:\/\/www.udi.no\/informasjon-ukraina-russland\/krisen-i-ukraina\/reise-til-norge\/#link-30069\">behandlet etter Dublinregelverket<\/a> hvis:<\/p>\n<ul>\n<li>Din n\u00e6rmeste familie befinner seg i et annet europeisk land (ektefelle, samboer eller barn under 18 \u00e5r).<\/li>\n<li>Du har oppholdstillatelse eller visum fra et annet europeisk land.<\/li>\n<li>Du har registrert en s\u00f8knad om beskyttelse og\/eller fingeravtrykk i et annet europeisk land.<\/li>\n<li>Du har oppholdt seg i fem m\u00e5neder eller mer i et annet europeisk land.<\/li>\n<\/ul>\n<p>[\/vc_column_text]\t<\/div>\n<\/div><h6 class=\"eltdf-accordion-title\">\n    <span class=\"eltdf-accordion-mark\">\n\t\t<span class=\"eltdf_icon_plus icon_plus\"><\/span>\n\t\t<span class=\"eltdf_icon_minus icon_minus-06\"><\/span>\n\t<\/span>\n\t<span class=\"eltdf-tab-title\">Hva skjer n\u00e5r asylsaken min blir behandlet etter Dublin-regelverket?<\/span>\n<\/h6>\n<div class=\"eltdf-accordion-content\">\n\t<div class=\"eltdf-accordion-content-inner\">\n\t\t[vc_column_text]<\/p>\n<ul>\n<li>UDI eller politiet i Norge skal informere deg hvis saken din <a href=\"https:\/\/www.udi.no\/ord-og-begreper\/dublin-samarbeidet\/\">blir behandlet etter Dublinregelverket<\/a>.<\/li>\n<li>UDI vil kontakte det andre landet og be myndighetene der om \u00e5 ta ansvaret for saken.<\/li>\n<li>Avklaringen med det andre landet kan ta tid; 1 \u2013 4 m\u00e5neder er vanlig, noen ganger mer. N\u00e5r det er klart at det andre landet har ansvar for saken din, vil UDI fatte vedtak om overf\u00f8ring.<\/li>\n<li>Du har rett til \u00e5 klage p\u00e5 vedtak om overf\u00f8ring etter Dublinregelverket. Du har ogs\u00e5 rett til advokatbistand.<\/li>\n<li>Du f\u00e5r dekket kostnad for advokat i to timer av norske myndigheter i en Dublinsak. Du trenger ikke \u00e5 finne advokat selv. Advokaten blir oppnevnt automatisk og tar kontakt.<\/li>\n<li>I f\u00f8lge norsk lov, kan du ogs\u00e5 bli henvist til et land utenfor Europa og utenom Dublinregelverket, hvis du har mulighet til \u00e5 oppholde seg der og landet regnes som trygt (\u00abtrygt tredjeland\u00bb). Ved en slik bestemmelse har du rett til \u00e5 klage, men ikke rett til gratis advokatbistand.<\/li>\n<li>Men NOAS tilbyr gratis rettshjelp i saker der du har f\u00e5tt avslag eller henvisning til et annet land. Det kan v\u00e6re s\u00e6rlig aktuelt i saker der du ikke har rett til advokat, men ogs\u00e5 i saker der det er behov for bistand i tillegg til advokatens klage.<\/li>\n<li><a href=\"https:\/\/www.noas.no\/rettshjelp\/\">Her kan du lese<\/a> om hvordan du g\u00e5r fram hvis du vil sende saken din til NOAS. Merk at de fleste som f\u00e5r vedtak om \u00e5 reise til et annet, trygt land, ikke f\u00e5r rett til \u00e5 bli v\u00e6rende i Norge mens klagen behandles.<\/li>\n<li>N\u00e5r det er en <a href=\"https:\/\/www.udi.no\/ord-og-begreper\/dublin-samarbeidet\/#:~:text=Hva%20er%20Dublin%2Davtalen%3F,Dublin%2Dlandet%20asyls%C3%B8keren%20kommer%20til.\">Dublin-sak<\/a>, vil politiet organisere og kontrollere utreisen, og kostnadene for reisen blir dekket av norske myndigheter. Hvis det er et vedtak om \u00e5 reise til et annet land utenom Dublin-regelverket, m\u00e5 en vanligvis organisere og betale for reisen selv.<\/li>\n<\/ul>\n<p>[\/vc_column_text]\t<\/div>\n<\/div><\/div>[\/vc_column][vc_column width=&raquo;1\/4&#8243;]<div class=\"eltdf-accordion-holder eltdf-ac-default  eltdf-toggle eltdf-ac-boxed  clearfix\">\n\t<h6 class=\"eltdf-accordion-title\">\n    <span class=\"eltdf-accordion-mark\">\n\t\t<span class=\"eltdf_icon_plus icon_plus\"><\/span>\n\t\t<span class=\"eltdf_icon_minus icon_minus-06\"><\/span>\n\t<\/span>\n\t<span class=\"eltdf-tab-title\">Hvilke rettigheter har jeg n\u00e5r jeg f\u00e5r en individuell asylsak?<\/span>\n<\/h6>\n<div class=\"eltdf-accordion-content\">\n\t<div class=\"eltdf-accordion-content-inner\">\n\t\t[vc_column_text]<\/p>\n<ul>\n<li><strong>Rettshjelp<\/strong><br \/>\nDe som f\u00e5r avslag p\u00e5 asyls\u00f8knaden, har rett til gratis bistand fra en oppnevnt advokat. Advokaten vil forklare deg hvorfor det er gitt avslag, snakke med deg om saken og s\u00e5 \u00e5 skrive en klage p\u00e5 vedtaket p\u00e5 dine vegne. Klagen behandles av det selvstendige klageorganet Utlendingsnemnda. Vedtaket etter klagebehandlingen formidles til deg av advokaten.<\/li>\n<li style=\"font-weight: 400;\"><strong>Arbeid<\/strong><br \/>\nAsyls\u00f8kere med individuell sak som har levert dokumentasjon av identitet (pass), kan f\u00e5 tillatelse til \u00e5 arbeide i Norge mens de venter p\u00e5 at s\u00f8knaden skal bli behandlet. <a href=\"https:\/\/www.udi.no\/har-sokt\/beskyttelse-asyl\/kan-du-jobbe\/#link-8814\">S\u00f8knad om midlertidig arbeidstillatelse<\/a> kan leveres p\u00e5 lokalt\/n\u00e6rmeste politikontor. Det er gratis for deg \u00e5 s\u00f8ke arbeidstillatelse, og det er ikke krav til kvalifikasjoner eller mottatt jobbtilbud.<\/li>\n<li style=\"font-weight: 400;\"><strong>Bolig og \u00f8konomisk bistand<\/strong><br \/>\nHar du en asylsak til vurdering i Norge, har du rett til tilbud om mottaksplass, hvor du vil f\u00e5 \u00f8konomiske ytelser ved behov. Det er ogs\u00e5 mulig \u00e5 bo privat, men du vil da vanligvis ikke f\u00e5 \u00f8konomisk st\u00f8tte. Men i noen tilfeller f\u00e5r du st\u00f8tte til \u00e5 bo privat som et alternativ til mottaksplass. Du kan lese mer om det <a href=\"https:\/\/www.udi.no\/har-sokt\/beskyttelse-asyl\/bor-i-vanlig-asylmottak\/alternativ-mottaksplass\/\">her<\/a>.<\/li>\n<li><strong>Helsehjelp<\/strong><br \/>\nSom asyls\u00f8ker har du rett til offentlig helsetjenester p\u00e5 lik linje med andre som bor i Norge. Du har rett til en fast allmennlege (fastlege), og til spesialisttjenester ved behov. Som andre i Norge m\u00e5 du betale en egenandel ved legebes\u00f8k og for medisiner opptil en viss sum. Barn opp til 16 \u00e5r, betaler ikke for legebes\u00f8k. Mer om dette <a href=\"https:\/\/www.helsenorge.no\/utlendinger-i-norge\/flyktninger-og-asylsokere\/\">her<\/a>.<\/li>\n<li style=\"font-weight: 400;\"><strong>Skole<\/strong><br \/>\nBarn i alderen 6-16 \u00e5r har rett og plikt til \u00e5 <a href=\"https:\/\/www.politiet.no\/tjenester\/opphold-i-norge-og-asyl\/ukraina\/sporsmal-og-svar\/#Jeg-har-barn-i-skolealder,-hvordan-far-jeg-barna-inn-pa-skole?:~:text=Jeg%20har-,barn,-i%20skolealder%2C%20hvordan\">g\u00e5 p\u00e5 skole<\/a>. Eldre barn i alderen 16-18 \u00e5r kan s\u00f8ke om \u00e5 g\u00e5 p\u00e5 videreg\u00e5ende skole.<\/li>\n<li><strong>Reise til utlandet<\/strong><br \/>\nFor at en individuell asylsak skal bli behandlet og gitt vedtak, er det en forutsetning at asyls\u00f8keren befinner seg i Norge. Reiser du ut av Norge, \u00a0vil UDI stoppe saksbehandlingen og henlegge saken.<\/li>\n<\/ul>\n<p>[\/vc_column_text]\t<\/div>\n<\/div><h6 class=\"eltdf-accordion-title\">\n    <span class=\"eltdf-accordion-mark\">\n\t\t<span class=\"eltdf_icon_plus icon_plus\"><\/span>\n\t\t<span class=\"eltdf_icon_minus icon_minus-06\"><\/span>\n\t<\/span>\n\t<span class=\"eltdf-tab-title\">Kan jeg trekke asyls\u00f8knaden min?<\/span>\n<\/h6>\n<div class=\"eltdf-accordion-content\">\n\t<div class=\"eltdf-accordion-content-inner\">\n\t\t[vc_column_text]<\/p>\n<ul>\n<li style=\"font-weight: 400;\">Du kan n\u00e5r som helst <a href=\"https:\/\/www.politiet.no\/tjenester\/opphold-i-norge-og-asyl\/ukraina\/sporsmal-og-svar\/#Jeg-har-barn-i-skolealder,-hvordan-far-jeg-barna-inn-pa-skole?:~:text=Jeg%20vil-,trekke,-min%20s%C3%B8knad%20om\">trekke asyls\u00f8knaden<\/a> din.<\/li>\n<li style=\"font-weight: 400;\">Hvis du har f\u00e5tt vedtak om \u00e5 reise til et annet land, blir du henvist til \u00e5 reise dit.<\/li>\n<li style=\"font-weight: 400;\">Ukrainere som ikke henvises til andre land, har ikke plikt til \u00e5 forlate Norge. Uten oppholdstillatelse eller status som asyls\u00f8ker, har du imidlertid f\u00e5 rettigheter.<\/li>\n<li style=\"font-weight: 400;\">Hvordan trekke en sak: Du sender et signert brev til UDI. Adresse: Utlendingsdirektoratet, Postboks 2098 Vika, 0125 Oslo. Husk \u00e5 oppgi DUF-nummer i brevet.<\/li>\n<\/ul>\n<p>[\/vc_column_text]\t<\/div>\n<\/div><h6 class=\"eltdf-accordion-title\">\n    <span class=\"eltdf-accordion-mark\">\n\t\t<span class=\"eltdf_icon_plus icon_plus\"><\/span>\n\t\t<span class=\"eltdf_icon_minus icon_minus-06\"><\/span>\n\t<\/span>\n\t<span class=\"eltdf-tab-title\">Kan jeg s\u00f8ke om andre typer oppholdstillatelser?<\/span>\n<\/h6>\n<div class=\"eltdf-accordion-content\">\n\t<div class=\"eltdf-accordion-content-inner\">\n\t\t[vc_column_text]Det er mulig \u00e5 s\u00f8ke om <a href=\"https:\/\/www.udi.no\/skal-soke\/\">andre typer tillatelser<\/a> enn beskyttelse. Vanligvis m\u00e5 disse s\u00f8kes p\u00e5 f\u00f8r innreise til Norge, fra et land der du har rett til opphold. Har du derimot ikke oppholdstillatelse i et annet, trygt land, kan du s\u00f8ke fra Norge.[\/vc_column_text]\t<\/div>\n<\/div><\/div>[\/vc_column][\/vc_row]<\/p>\n","protected":false},"excerpt":{"rendered":"<p>[vc_row row_content_width=&raquo;grid&raquo; css=&raquo;.vc_custom_1647369414748{padding-top: 60px !important;padding-bottom: 60px !important;}&raquo;][vc_column width=&raquo;1\/4&#8243;][vc_empty_space height=&raquo;10px&raquo;][\/vc_column][vc_column width=&raquo;1\/4&#8243;][vc_empty_space height=&raquo;10px&raquo;][\/vc_column][vc_column width=&raquo;1\/4&#8243;][\/vc_column][vc_column width=&raquo;1\/4&#8243;][\/vc_column][\/vc_row]<\/p>\n","protected":false},"author":13,"featured_media":32262,"parent":0,"menu_order":0,"comment_status":"closed","ping_status":"closed","template":"full-width.php","meta":{"inline_featured_image":false},"_links":{"self":[{"href":"https:\/\/www.ukrainianrefugees.no\/nb\/wp-json\/wp\/v2\/pages\/40122"}],"collection":[{"href":"https:\/\/www.ukrainianrefugees.no\/nb\/wp-json\/wp\/v2\/pages"}],"about":[{"href":"https:\/\/www.ukrainianrefugees.no\/nb\/wp-json\/wp\/v2\/types\/page"}],"author":[{"embeddable":true,"href":"https:\/\/www.ukrainianrefugees.no\/nb\/wp-json\/wp\/v2\/users\/13"}],"replies":[{"embeddable":true,"href":"https:\/\/www.ukrainianrefugees.no\/nb\/wp-json\/wp\/v2\/comments?post=40122"}],"version-history":[{"count":41,"href":"https:\/\/www.ukrainianrefugees.no\/nb\/wp-json\/wp\/v2\/pages\/40122\/revisions"}],"predecessor-version":[{"id":40443,"href":"https:\/\/www.ukrainianrefugees.no\/nb\/wp-json\/wp\/v2\/pages\/40122\/revisions\/40443"}],"wp:featuredmedia":[{"embeddable":true,"href":"https:\/\/www.ukrainianrefugees.no\/nb\/wp-json\/"}],"wp:attachment":[{"href":"https:\/\/www.ukrainianrefugees.no\/nb\/wp-json\/wp\/v2\/media?parent=40122"}],"curies":[{"name":"wp","href":"https:\/\/api.w.org\/{rel}","templated":true}]}}